{"id":160,"date":"2017-01-16T00:08:27","date_gmt":"2017-01-15T22:08:27","guid":{"rendered":"http:\/\/www.roentgen-boehnke.de\/responsive\/wordpress\/?page_id=160"},"modified":"2017-07-04T02:54:19","modified_gmt":"2017-07-04T00:54:19","slug":"mammographie-anlagen","status":"publish","type":"page","link":"https:\/\/www.roentgen-boehnke.de\/responsive\/wordpress\/mammographie-anlagen\/","title":{"rendered":"Mammographie-Ger\u00e4te"},"content":{"rendered":"<p>&nbsp;<\/p>\n<p>SIEMENS Mammographieger\u00e4t<br \/>\nTyp Mammomat 3000 Nova<\/p>\n<p><a href=\"http:\/\/www.roentgen-boehnke.de\/responsive\/wordpress\/wp-content\/uploads\/2017\/01\/Mammographie16ab.JPG.jpg\"><img decoding=\"async\" loading=\"lazy\" class=\"alignnone wp-image-395 size-full\" src=\"http:\/\/www.roentgen-boehnke.de\/responsive\/wordpress\/wp-content\/uploads\/2017\/01\/Mammographie16ab.JPG.jpg\" alt=\"SIEMENS Mammographieger\u00e4t Typ Mammomat 3000 Nova\" width=\"301\" height=\"402\" srcset=\"https:\/\/www.roentgen-boehnke.de\/responsive\/wordpress\/wp-content\/uploads\/2017\/01\/Mammographie16ab.JPG.jpg 301w, https:\/\/www.roentgen-boehnke.de\/responsive\/wordpress\/wp-content\/uploads\/2017\/01\/Mammographie16ab.JPG-225x300.jpg 225w\" sizes=\"(max-width: 301px) 100vw, 301px\" \/><\/a><\/p>\n<p>SIEMENS Mammographieger\u00e4t\u00a0Typ Mammomat 3000<\/p>\n<p><img decoding=\"async\" loading=\"lazy\" class=\"\" src=\"http:\/\/roentgen-boehnke.de\/Angebote\/___Mammographie\/Mammomat3000_blau_-1-.jpg\" width=\"420\" height=\"556\" \/><\/p>\n<p>SIEMENS Mammographieger\u00e4t, Baujahr 2004\u00a0Typ Mammomat 1000, neuwertig, mit allem Zubeh\u00f6r<\/p>\n<p><img decoding=\"async\" loading=\"lazy\" class=\"\" src=\"http:\/\/roentgen-boehnke.de\/Angebote\/___Mammographie\/Dsc_0054.jpg\" width=\"419\" height=\"287\" \/><\/p>\n<p><img decoding=\"async\" loading=\"lazy\" class=\"\" src=\"http:\/\/roentgen-boehnke.de\/Angebote\/___Mammographie\/Dsc_0072.jpg\" width=\"420\" height=\"621\" \/><\/p>\n<p>PHILIPS Mammographieger\u00e4t\u00a0Typ Mammo Diagnost BC, mit allem Zubeh\u00f6r<\/p>\n<p><img decoding=\"async\" loading=\"lazy\" class=\"\" src=\"http:\/\/roentgen-boehnke.de\/Angebote\/___Mammographie\/PhilipsMammoBC1_verkauft_-1-.jpg\" alt=\"PhilipsMammoBC1_verkauft (1)\" width=\"420\" height=\"556\" \/><\/p>\n<p><img decoding=\"async\" loading=\"lazy\" class=\"\" src=\"http:\/\/roentgen-boehnke.de\/Angebote\/___Mammographie\/PhilipsMammoBC2_verkauft.jpg\" alt=\"PhilipsMammoBC2_verkauft\" width=\"419\" height=\"611\" \/><\/p>\n<p>GE Senographe DMR<\/p>\n<p><img decoding=\"async\" loading=\"lazy\" class=\"\" src=\"http:\/\/roentgen-boehnke.de\/Angebote\/___Mammographie\/GE_SenographeDMR_verkauft_-1-.jpg\" width=\"420\" height=\"652\" \/><\/p>\n<p>alle Fotos: \u00a9 Heinz-J\u00fcrgen B\u00f6hnke, 1994-2017<\/p>\n","protected":false},"excerpt":{"rendered":"<p>&nbsp; SIEMENS Mammographieger\u00e4t Typ Mammomat 3000 Nova SIEMENS Mammographieger\u00e4t\u00a0Typ Mammomat 3000 SIEMENS Mammographieger\u00e4t, Baujahr 2004\u00a0Typ Mammomat 1000, neuwertig, mit allem Zubeh\u00f6r PHILIPS Mammographieger\u00e4t\u00a0Typ Mammo Diagnost BC, mit allem Zubeh\u00f6r GE Senographe DMR alle Fotos: \u00a9 Heinz-J\u00fcrgen B\u00f6hnke, 1994-2017<\/p>\n","protected":false},"author":1,"featured_media":0,"parent":0,"menu_order":0,"comment_status":"closed","ping_status":"closed","template":"","meta":[],"yoast_head":"<!-- This site is optimized with the Yoast SEO plugin v20.2.1 - https:\/\/yoast.com\/wordpress\/plugins\/seo\/ -->\n<title>Mammographie-Ger\u00e4te - Ingenieurb\u00fcro B\u00f6hnke GmbH R\u00f6ntgen-Service und bildgebende Systeme<\/title>\n<meta name=\"robots\" content=\"index, follow, max-snippet:-1, max-image-preview:large, max-video-preview:-1\" \/>\n<link rel=\"canonical\" href=\"https:\/\/www.roentgen-boehnke.de\/responsive\/wordpress\/mammographie-anlagen\/\" \/>\n<meta property=\"og:locale\" content=\"de_DE\" \/>\n<meta property=\"og:type\" content=\"article\" \/>\n<meta property=\"og:title\" content=\"Mammographie-Ger\u00e4te - Ingenieurb\u00fcro B\u00f6hnke GmbH R\u00f6ntgen-Service und bildgebende Systeme\" \/>\n<meta property=\"og:description\" content=\"&nbsp; SIEMENS Mammographieger\u00e4t Typ Mammomat 3000 Nova SIEMENS Mammographieger\u00e4t\u00a0Typ Mammomat 3000 SIEMENS Mammographieger\u00e4t, Baujahr 2004\u00a0Typ Mammomat 1000, neuwertig, mit allem Zubeh\u00f6r PHILIPS Mammographieger\u00e4t\u00a0Typ Mammo Diagnost BC, mit allem Zubeh\u00f6r GE Senographe DMR alle Fotos: \u00a9 Heinz-J\u00fcrgen B\u00f6hnke, 1994-2017\" \/>\n<meta property=\"og:url\" content=\"https:\/\/www.roentgen-boehnke.de\/responsive\/wordpress\/mammographie-anlagen\/\" \/>\n<meta property=\"og:site_name\" content=\"Ingenieurb\u00fcro B\u00f6hnke GmbH R\u00f6ntgen-Service und bildgebende Systeme\" \/>\n<meta property=\"article:modified_time\" content=\"2017-07-04T00:54:19+00:00\" \/>\n<meta property=\"og:image\" content=\"http:\/\/www.roentgen-boehnke.de\/responsive\/wordpress\/wp-content\/uploads\/2017\/01\/Mammographie16ab.JPG.jpg\" \/>\n<meta name=\"twitter:card\" content=\"summary_large_image\" \/>\n<script type=\"application\/ld+json\" class=\"yoast-schema-graph\">{\"@context\":\"https:\/\/schema.org\",\"@graph\":[{\"@type\":\"WebPage\",\"@id\":\"https:\/\/www.roentgen-boehnke.de\/responsive\/wordpress\/mammographie-anlagen\/\",\"url\":\"https:\/\/www.roentgen-boehnke.de\/responsive\/wordpress\/mammographie-anlagen\/\",\"name\":\"Mammographie-Ger\u00e4te - Ingenieurb\u00fcro B\u00f6hnke GmbH R\u00f6ntgen-Service und bildgebende Systeme\",\"isPartOf\":{\"@id\":\"https:\/\/www.roentgen-boehnke.de\/responsive\/wordpress\/#website\"},\"datePublished\":\"2017-01-15T22:08:27+00:00\",\"dateModified\":\"2017-07-04T00:54:19+00:00\",\"breadcrumb\":{\"@id\":\"https:\/\/www.roentgen-boehnke.de\/responsive\/wordpress\/mammographie-anlagen\/#breadcrumb\"},\"inLanguage\":\"de\",\"potentialAction\":[{\"@type\":\"ReadAction\",\"target\":[\"https:\/\/www.roentgen-boehnke.de\/responsive\/wordpress\/mammographie-anlagen\/\"]}]},{\"@type\":\"BreadcrumbList\",\"@id\":\"https:\/\/www.roentgen-boehnke.de\/responsive\/wordpress\/mammographie-anlagen\/#breadcrumb\",\"itemListElement\":[{\"@type\":\"ListItem\",\"position\":1,\"name\":\"Startseite\",\"item\":\"https:\/\/www.roentgen-boehnke.de\/responsive\/wordpress\/\"},{\"@type\":\"ListItem\",\"position\":2,\"name\":\"Mammographie-Ger\u00e4te\"}]},{\"@type\":\"WebSite\",\"@id\":\"https:\/\/www.roentgen-boehnke.de\/responsive\/wordpress\/#website\",\"url\":\"https:\/\/www.roentgen-boehnke.de\/responsive\/wordpress\/\",\"name\":\"Ingenieurb\u00fcro B\u00f6hnke GmbH R\u00f6ntgen-Service und bildgebende Systeme\",\"description\":\"55120 Mainz - Hauptstra\u00dfe 17-19 - Tel: 06131-9459550 - Fax: 06131-9459551\",\"potentialAction\":[{\"@type\":\"SearchAction\",\"target\":{\"@type\":\"EntryPoint\",\"urlTemplate\":\"https:\/\/www.roentgen-boehnke.de\/responsive\/wordpress\/?s={search_term_string}\"},\"query-input\":\"required name=search_term_string\"}],\"inLanguage\":\"de\"}]}<\/script>\n<!-- \/ Yoast SEO plugin. -->","yoast_head_json":{"title":"Mammographie-Ger\u00e4te - Ingenieurb\u00fcro B\u00f6hnke GmbH R\u00f6ntgen-Service und bildgebende Systeme","robots":{"index":"index","follow":"follow","max-snippet":"max-snippet:-1","max-image-preview":"max-image-preview:large","max-video-preview":"max-video-preview:-1"},"canonical":"https:\/\/www.roentgen-boehnke.de\/responsive\/wordpress\/mammographie-anlagen\/","og_locale":"de_DE","og_type":"article","og_title":"Mammographie-Ger\u00e4te - Ingenieurb\u00fcro B\u00f6hnke GmbH R\u00f6ntgen-Service und bildgebende Systeme","og_description":"&nbsp; SIEMENS Mammographieger\u00e4t Typ Mammomat 3000 Nova SIEMENS Mammographieger\u00e4t\u00a0Typ Mammomat 3000 SIEMENS Mammographieger\u00e4t, Baujahr 2004\u00a0Typ Mammomat 1000, neuwertig, mit allem Zubeh\u00f6r PHILIPS Mammographieger\u00e4t\u00a0Typ Mammo Diagnost BC, mit allem Zubeh\u00f6r GE Senographe DMR alle Fotos: \u00a9 Heinz-J\u00fcrgen B\u00f6hnke, 1994-2017","og_url":"https:\/\/www.roentgen-boehnke.de\/responsive\/wordpress\/mammographie-anlagen\/","og_site_name":"Ingenieurb\u00fcro B\u00f6hnke GmbH R\u00f6ntgen-Service und bildgebende Systeme","article_modified_time":"2017-07-04T00:54:19+00:00","og_image":[{"url":"http:\/\/www.roentgen-boehnke.de\/responsive\/wordpress\/wp-content\/uploads\/2017\/01\/Mammographie16ab.JPG.jpg"}],"twitter_card":"summary_large_image","schema":{"@context":"https:\/\/schema.org","@graph":[{"@type":"WebPage","@id":"https:\/\/www.roentgen-boehnke.de\/responsive\/wordpress\/mammographie-anlagen\/","url":"https:\/\/www.roentgen-boehnke.de\/responsive\/wordpress\/mammographie-anlagen\/","name":"Mammographie-Ger\u00e4te - Ingenieurb\u00fcro B\u00f6hnke GmbH R\u00f6ntgen-Service und bildgebende Systeme","isPartOf":{"@id":"https:\/\/www.roentgen-boehnke.de\/responsive\/wordpress\/#website"},"datePublished":"2017-01-15T22:08:27+00:00","dateModified":"2017-07-04T00:54:19+00:00","breadcrumb":{"@id":"https:\/\/www.roentgen-boehnke.de\/responsive\/wordpress\/mammographie-anlagen\/#breadcrumb"},"inLanguage":"de","potentialAction":[{"@type":"ReadAction","target":["https:\/\/www.roentgen-boehnke.de\/responsive\/wordpress\/mammographie-anlagen\/"]}]},{"@type":"BreadcrumbList","@id":"https:\/\/www.roentgen-boehnke.de\/responsive\/wordpress\/mammographie-anlagen\/#breadcrumb","itemListElement":[{"@type":"ListItem","position":1,"name":"Startseite","item":"https:\/\/www.roentgen-boehnke.de\/responsive\/wordpress\/"},{"@type":"ListItem","position":2,"name":"Mammographie-Ger\u00e4te"}]},{"@type":"WebSite","@id":"https:\/\/www.roentgen-boehnke.de\/responsive\/wordpress\/#website","url":"https:\/\/www.roentgen-boehnke.de\/responsive\/wordpress\/","name":"Ingenieurb\u00fcro B\u00f6hnke GmbH R\u00f6ntgen-Service und bildgebende Systeme","description":"55120 Mainz - Hauptstra\u00dfe 17-19 - Tel: 06131-9459550 - Fax: 06131-9459551","potentialAction":[{"@type":"SearchAction","target":{"@type":"EntryPoint","urlTemplate":"https:\/\/www.roentgen-boehnke.de\/responsive\/wordpress\/?s={search_term_string}"},"query-input":"required name=search_term_string"}],"inLanguage":"de"}]}},"_links":{"self":[{"href":"https:\/\/www.roentgen-boehnke.de\/responsive\/wordpress\/wp-json\/wp\/v2\/pages\/160"}],"collection":[{"href":"https:\/\/www.roentgen-boehnke.de\/responsive\/wordpress\/wp-json\/wp\/v2\/pages"}],"about":[{"href":"https:\/\/www.roentgen-boehnke.de\/responsive\/wordpress\/wp-json\/wp\/v2\/types\/page"}],"author":[{"embeddable":true,"href":"https:\/\/www.roentgen-boehnke.de\/responsive\/wordpress\/wp-json\/wp\/v2\/users\/1"}],"replies":[{"embeddable":true,"href":"https:\/\/www.roentgen-boehnke.de\/responsive\/wordpress\/wp-json\/wp\/v2\/comments?post=160"}],"version-history":[{"count":8,"href":"https:\/\/www.roentgen-boehnke.de\/responsive\/wordpress\/wp-json\/wp\/v2\/pages\/160\/revisions"}],"predecessor-version":[{"id":393,"href":"https:\/\/www.roentgen-boehnke.de\/responsive\/wordpress\/wp-json\/wp\/v2\/pages\/160\/revisions\/393"}],"wp:attachment":[{"href":"https:\/\/www.roentgen-boehnke.de\/responsive\/wordpress\/wp-json\/wp\/v2\/media?parent=160"}],"curies":[{"name":"wp","href":"https:\/\/api.w.org\/{rel}","templated":true}]}}