{"id":1685,"date":"2017-11-21T20:24:17","date_gmt":"2017-11-21T18:24:17","guid":{"rendered":"http:\/\/www.roentgen-boehnke.de\/responsive\/wordpress\/?page_id=1685"},"modified":"2017-12-18T16:51:38","modified_gmt":"2017-12-18T14:51:38","slug":"detailseite","status":"publish","type":"page","link":"https:\/\/www.roentgen-boehnke.de\/responsive\/wordpress\/detailseite\/","title":{"rendered":"Detailseite"},"content":{"rendered":"<div id=\"pl-1685\"  class=\"panel-layout\" ><div id=\"pg-1685-0\"  class=\"panel-grid panel-no-style\" ><div id=\"pgc-1685-0-0\"  class=\"panel-grid-cell\" ><div id=\"panel-1685-0-0-0\" class=\"so-panel widget widget_sow-image panel-first-child panel-last-child\" data-index=\"0\" ><div\n\t\t\t\n\t\t\tclass=\"so-widget-sow-image so-widget-sow-image-default-17bc2272b535-1685\"\n\t\t\t\n\t\t>\n\n<div class=\"sow-image-container\">\n\t\t<img src=\"https:\/\/www.roentgen-boehnke.de\/responsive\/wordpress\/wp-content\/uploads\/2017\/11\/1ProtecPRS-500-E-300x223.jpg\" width=\"300\" height=\"223\" srcset=\"https:\/\/www.roentgen-boehnke.de\/responsive\/wordpress\/wp-content\/uploads\/2017\/11\/1ProtecPRS-500-E-300x223.jpg 300w, https:\/\/www.roentgen-boehnke.de\/responsive\/wordpress\/wp-content\/uploads\/2017\/11\/1ProtecPRS-500-E-768x570.jpg 768w, https:\/\/www.roentgen-boehnke.de\/responsive\/wordpress\/wp-content\/uploads\/2017\/11\/1ProtecPRS-500-E-404x300.jpg 404w, https:\/\/www.roentgen-boehnke.de\/responsive\/wordpress\/wp-content\/uploads\/2017\/11\/1ProtecPRS-500-E.jpg 909w\" sizes=\"(max-width: 300px) 100vw, 300px\" title=\"&lt;h3 style=&quot;text-align:center&quot;&gt; Protec,PRS 500 E &lt;\/h3&gt;\" alt=\"Ankauf gebrauchte R\u00f6ntgenapparate R\u00f6ntgen B\u00f6hnke Mainz\" loading=\"lazy\" \t\tclass=\"so-widget-image\"\/>\n\t<\/div>\n\n<h3 class=\"widget-title\"><h3 style=\"text-align:center\"> Protec,PRS 500 E <\/h3><\/h3><\/div><\/div><\/div><\/div><div id=\"pg-1685-1\"  class=\"panel-grid panel-no-style\" ><div id=\"pgc-1685-1-0\"  class=\"panel-grid-cell\" ><div id=\"panel-1685-1-0-0\" class=\"so-panel widget widget_sow-editor panel-first-child panel-last-child\" data-index=\"1\" ><div\n\t\t\t\n\t\t\tclass=\"so-widget-sow-editor so-widget-sow-editor-base\"\n\t\t\t\n\t\t>\n<div class=\"siteorigin-widget-tinymce textwidget\">\n\t<p><strong style=\"color: #777;\">Produkteigenschaften<\/strong> <br class=\u201cclear\u201c \/><br \/>\nDie PRS 500 E Serie bietet als komplettes Radiogra\ufb01e-System dem Anwender einen leistungsstarken<br \/>\nR\u00f6ntgenarbeitsplatz und dem Patienten eine angenehme Atmosph\u00e4re.<br \/>\nDas Komplettsystem unterst\u00fctzt alle Aufnahmetechniken aus den Bereichen Orthop\u00e4die, Chirurgie und Urologie. <br class=\u201cclear\u201c \/> <br class=\u201cclear\u201c \/><\/p>\n<p><strong style=\"color: #777;\">Platzsparende, schnelle Installation durch integriertes S\u00e4ulenstativ<\/strong><br \/>\n6-Wege Buckytisch mit leichtg\u00e4ngiger, schwimmender Tischplatte f\u00fcr Patientenlasten bis 230 kg (optional 250<br \/>\nkg). Die elektromagnetische Bremse sowie die Tisch-H\u00f6henverstellung sind Fu\u00dfschalter-bedient.<br \/>\nEine automatische Kupplung zwischen Bucky und S\u00e4ule zentriert die R\u00f6ntgenstrahlereinheit.<br \/>\nEin integriertes S\u00e4ulenstativ, l\u00e4ngsverfahrbar, mit gewichtsausgeglichenem Strahlertragarm, erm\u00f6glicht geringen<br \/>\nTisch-Wand-Abstand und dadurch optimale Raumausnutzung.<br \/>\nOptional kann die R\u00f6ntgenstrahlereinheit um 90\u00b0 in der Horizontale nach beiden Seiten gedreht werden. <br class=\u201cclear\u201c \/> <br class=\u201cclear\u201c \/><\/p>\n<p><strong style=\"color: #777;\"> Vorbereitet zum Untertisch-Einbau eines PROVARIO HF R\u00f6ntgengenerators<\/strong><br \/>\nBesonders in engen R\u00e4umen ist der Einbau des Generators in die PRS 500 E Serie vorteilhaft, da keine Stand\ufb02\u00e4che ben\u00f6tigt wird. Im Servicefall kann die Generatoreinheit nach vorn herausgefahren werden. <br class=\u201cclear\u201c \/> <br class=\u201cclear\u201c \/><\/p>\n<p>F\u00fcr extrem hohe Strahlendurchl\u00e4ssigkeit und r\u00f6hren-\/ patienten-schonende Aufnahmen. Der Aluminium-Schw\u00e4chungsgleichwert der Tischplatte ist typisch 0,9mm nach EN 60601-1-3 (optional: 0,7 mm bei Kohlefaser-Tischplatte). An die integrierten PA-Zubeh\u00f6rschienen kann optional verschiedenes R\u00f6ntgenzubeh\u00f6r angebracht<br \/>\nwerden, z. B. Handgriffe, Gurtkompressorium oder Sto\u00dfschutzpro\ufb01l. <br class=\u201cclear\u201c \/> <br class=\u201cclear\u201c \/><\/p>\n<p><strong style=\"color: #777;\">Brilliante Bildqualit\u00e4t durch extrem geringen Objekt-Film\/Detektor-Abstand und kurze Belichtungszeiten<\/strong><br \/>\nLaufrastereinrichtung mit Kassettenlade f\u00fcr Film- oder digitale Kassetten.<br \/>\nKurze Autnahmezeit durch angepasstes Karbon Raster und optionale digitale Messkammer. <br class=\u201cclear\u201c \/> <br class=\u201cclear\u201c \/><\/p>\n<p><strong style=\"color: #777;\">PRS 500 digitales Komplettsystem mit voller DICOM-Kompatibilit\u00e4t<\/strong><br \/>\nOptional sind verschiedene PROTEC RAPIXX-Flatpanel Versionen verf\u00fcgbar. Auch kann das System softwareseitig,<br \/>\ndank des modularen Aufbaus, individuell erweitert werden bis hin zum PACS (PROTEC PROPAXX medical imaging<br \/>\nsoftware). <br class=\u201cclear\u201c \/> <br class=\u201cclear\u201c \/><\/p>\n<p><strong style=\"color: #777;\"> PRS 500 als digitales Komplettsystem mit CONAXX als zentrale Workstation zur Generatorsteuerung und Bildakquisition<\/strong><br \/>\nDie Vorteile eines Komplettsystems mit Hard und Software zusammen mit CONAXX liefern den optimalen<br \/>\nWork\ufb02ow mit zentraler Steuerung des Generators und des Detektors. <br class=\u201cclear\u201c \/> <br class=\u201cclear\u201c \/><\/p>\n<p><strong style=\"color: #777;\">Versionen \/ Optionen<\/strong><br \/>\nPRS 500 E basic \/ classic \/ touch mit fixerTischh\u00f6he, R\u00f6ntgengenerator, S\u00e4ulenstativ mit R\u00f6ntgenstrahlereinheit,<br \/>\nRasterwandstativ, Tiefenblende und Raster.<\/p>\n<\/div>\n<\/div><\/div><\/div><\/div><div id=\"pg-1685-2\"  class=\"panel-grid panel-no-style\" ><div id=\"pgc-1685-2-0\"  class=\"panel-grid-cell\" ><div id=\"panel-1685-2-0-0\" class=\"so-panel widget widget_sow-image panel-first-child panel-last-child\" data-index=\"2\" ><div\n\t\t\t\n\t\t\tclass=\"so-widget-sow-image so-widget-sow-image-default-17bc2272b535-1685\"\n\t\t\t\n\t\t>\n\n<div class=\"sow-image-container\">\n\t\t<img src=\"https:\/\/www.roentgen-boehnke.de\/responsive\/wordpress\/wp-content\/uploads\/2017\/11\/2ProecPEDS-1-296x300.jpg\" width=\"296\" height=\"300\" srcset=\"https:\/\/www.roentgen-boehnke.de\/responsive\/wordpress\/wp-content\/uploads\/2017\/11\/2ProecPEDS-1-296x300.jpg 296w, https:\/\/www.roentgen-boehnke.de\/responsive\/wordpress\/wp-content\/uploads\/2017\/11\/2ProecPEDS-1.jpg 726w\" sizes=\"(max-width: 296px) 100vw, 296px\" title=\"&lt;h3 style=&quot;text-align:center&quot;&gt; PROTEC, PSDS-600  &lt;\/h3&gt;\" alt=\"R\u00f6ntgen B\u00f6hnke Mainz R\u00f6ntgenger\u00e4te\" loading=\"lazy\" \t\tclass=\"so-widget-image\"\/>\n\t<\/div>\n\n<h3 class=\"widget-title\"><h3 style=\"text-align:center\"> PROTEC, PSDS-600  <\/h3><\/h3><\/div><\/div><\/div><\/div><div id=\"pg-1685-3\"  class=\"panel-grid panel-no-style\" ><div id=\"pgc-1685-3-0\"  class=\"panel-grid-cell\" ><div id=\"panel-1685-3-0-0\" class=\"so-panel widget widget_sow-editor panel-first-child panel-last-child\" data-index=\"3\" ><div\n\t\t\t\n\t\t\tclass=\"so-widget-sow-editor so-widget-sow-editor-base\"\n\t\t\t\n\t\t>\n<div class=\"siteorigin-widget-tinymce textwidget\">\n\t<p><strong style=\"color:#777\">Produkteigenschaften<\/strong> <br class=\u201cclear\u201c \/><br \/>\n<strong style=\"color:#777\">Kompakte Bauweise<\/strong><br \/>\nAufgrund des kompakten Aufbaus eignet sich das System bestens f\u00fcr die Orthop\u00e4die, Chirurgie und Traumatologie, wo geringer Platzbedarf von entscheidender Bedeutung ist.<br \/>\nDie Boden-Wandmontage sorgt fur einen sicheren Stand, optional steht auch eine freistehende Version zur Verf\u00fcgung. <br class=\u201cclear\u201c \/> <br class=\u201cclear\u201c \/><\/p>\n<p><strong style=\"color:#777\">R\u00f6ntgenstrahler und Bildempf\u00e4nger an einem Ger\u00e4t<\/strong><br \/>\nBeide sind zueinander immer automatisch zentriert, was einen schnellen Arbeitsablauf gew\u00e4hrleistet. In Verbindung mit z. B. einem PROTEC PROGNOST XP fahrbaren Lagerungstisch sind laterale Aufnahmen am<br \/>\nliegenden Patienten m\u00f6glich. Je nach Kundenwunsch kann das PEDS 600 als analoges Kassetten-System oder als volldigitales DR-System konfiguriert werden. <br class=\u201cclear\u201c \/> <br class=\u201cclear\u201c \/><\/p>\n<p><strong style=\"color:#777\">Hervorragende Bildqualit\u00e4t mit minimaler Strahlendosis<\/strong><br \/>\nWerkseitig wird das DR-System mit einem PROTEC RAPIXX DR-Flatpanel Detektor ausgestattet. Durch die Verwendung der PROTEC CONAXX Bildakquisitionssoftware kommen die Vorteile der Digitaltechnik in vollem<br \/>\nUmfang zum Tragen. <br class=\u201cclear\u201c \/> <br class=\u201cclear\u201c \/><\/p>\n<p><strong style=\"color:#777\">PEDS 600 digitales Komplettsystem mit voller DICOM-Kompatibilit\u00e4t<\/strong><br \/>\nOptional sind verschiedene PROTEC RAPIXX-Flatpanel Versionen verf\u00fcgbar. Auch kann das System softwareseitig,<br \/>\ndank des modularen Aufbaus, individuell erweitert werden bis hin zum PACS (PROTEC PROPAXX medical imaging<br \/>\nsoftware). <br class=\u201cclear\u201c \/> <br class=\u201cclear\u201c \/><\/p>\n<p><strong style=\"color:#777\"> PEDS 600 als digitales Komplettsystem mit CONAXX als zentrale Workstation zur Generatorsteuerung und B\u00edldakquisit\u00edon<\/strong><br \/>\nDie Vorteile eines Komplettsystems mit Hard und Software zusammen mit CONAXX liefern den optimalen Work\ufb02ow mit zentraler Steuerung des Generators und des Detektors.<\/p>\n<\/div>\n<\/div><\/div><\/div><\/div><\/div>","protected":false},"excerpt":{"rendered":"<p>Produkteigenschaften Die PRS 500 E Serie bietet als komplettes Radiogra\ufb01e-System dem Anwender einen leistungsstarken R\u00f6ntgenarbeitsplatz und dem Patienten eine angenehme Atmosph\u00e4re. Das Komplettsystem unterst\u00fctzt alle Aufnahmetechniken aus den Bereichen Orthop\u00e4die, Chirurgie und Urologie. Platzsparende, schnelle Installation durch integriertes S\u00e4ulenstativ 6-Wege &hellip; <a href=\"https:\/\/www.roentgen-boehnke.de\/responsive\/wordpress\/detailseite\/\">Weiterlesen <span class=\"meta-nav\">&rarr;<\/span><\/a><\/p>\n","protected":false},"author":1,"featured_media":0,"parent":0,"menu_order":0,"comment_status":"closed","ping_status":"closed","template":"","meta":[],"yoast_head":"<!-- This site is optimized with the Yoast SEO plugin v20.2.1 - https:\/\/yoast.com\/wordpress\/plugins\/seo\/ -->\n<title>Detailseite - Ingenieurb\u00fcro B\u00f6hnke GmbH R\u00f6ntgen-Service und bildgebende Systeme<\/title>\n<meta name=\"robots\" content=\"index, follow, max-snippet:-1, max-image-preview:large, max-video-preview:-1\" \/>\n<link rel=\"canonical\" href=\"https:\/\/www.roentgen-boehnke.de\/responsive\/wordpress\/detailseite\/\" \/>\n<meta property=\"og:locale\" content=\"de_DE\" \/>\n<meta property=\"og:type\" content=\"article\" \/>\n<meta property=\"og:title\" content=\"Detailseite - Ingenieurb\u00fcro B\u00f6hnke GmbH R\u00f6ntgen-Service und bildgebende Systeme\" \/>\n<meta property=\"og:description\" content=\"Produkteigenschaften Die PRS 500 E Serie bietet als komplettes Radiogra\ufb01e-System dem Anwender einen leistungsstarken R\u00f6ntgenarbeitsplatz und dem Patienten eine angenehme Atmosph\u00e4re. Das Komplettsystem unterst\u00fctzt alle Aufnahmetechniken aus den Bereichen Orthop\u00e4die, Chirurgie und Urologie. Platzsparende, schnelle Installation durch integriertes S\u00e4ulenstativ 6-Wege &hellip; Weiterlesen &rarr;\" \/>\n<meta property=\"og:url\" content=\"https:\/\/www.roentgen-boehnke.de\/responsive\/wordpress\/detailseite\/\" \/>\n<meta property=\"og:site_name\" content=\"Ingenieurb\u00fcro B\u00f6hnke GmbH R\u00f6ntgen-Service und bildgebende Systeme\" \/>\n<meta property=\"article:modified_time\" content=\"2017-12-18T14:51:38+00:00\" \/>\n<meta name=\"twitter:card\" content=\"summary_large_image\" \/>\n<meta name=\"twitter:label1\" content=\"Gesch\u00e4tzte Lesezeit\" \/>\n\t<meta name=\"twitter:data1\" content=\"3\u00a0Minuten\" \/>\n<script type=\"application\/ld+json\" class=\"yoast-schema-graph\">{\"@context\":\"https:\/\/schema.org\",\"@graph\":[{\"@type\":\"WebPage\",\"@id\":\"https:\/\/www.roentgen-boehnke.de\/responsive\/wordpress\/detailseite\/\",\"url\":\"https:\/\/www.roentgen-boehnke.de\/responsive\/wordpress\/detailseite\/\",\"name\":\"Detailseite - Ingenieurb\u00fcro B\u00f6hnke GmbH R\u00f6ntgen-Service und bildgebende Systeme\",\"isPartOf\":{\"@id\":\"https:\/\/www.roentgen-boehnke.de\/responsive\/wordpress\/#website\"},\"datePublished\":\"2017-11-21T18:24:17+00:00\",\"dateModified\":\"2017-12-18T14:51:38+00:00\",\"breadcrumb\":{\"@id\":\"https:\/\/www.roentgen-boehnke.de\/responsive\/wordpress\/detailseite\/#breadcrumb\"},\"inLanguage\":\"de\",\"potentialAction\":[{\"@type\":\"ReadAction\",\"target\":[\"https:\/\/www.roentgen-boehnke.de\/responsive\/wordpress\/detailseite\/\"]}]},{\"@type\":\"BreadcrumbList\",\"@id\":\"https:\/\/www.roentgen-boehnke.de\/responsive\/wordpress\/detailseite\/#breadcrumb\",\"itemListElement\":[{\"@type\":\"ListItem\",\"position\":1,\"name\":\"Startseite\",\"item\":\"https:\/\/www.roentgen-boehnke.de\/responsive\/wordpress\/\"},{\"@type\":\"ListItem\",\"position\":2,\"name\":\"Detailseite\"}]},{\"@type\":\"WebSite\",\"@id\":\"https:\/\/www.roentgen-boehnke.de\/responsive\/wordpress\/#website\",\"url\":\"https:\/\/www.roentgen-boehnke.de\/responsive\/wordpress\/\",\"name\":\"Ingenieurb\u00fcro B\u00f6hnke GmbH R\u00f6ntgen-Service und bildgebende Systeme\",\"description\":\"55120 Mainz - Hauptstra\u00dfe 17-19 - Tel: 06131-9459550 - Fax: 06131-9459551\",\"potentialAction\":[{\"@type\":\"SearchAction\",\"target\":{\"@type\":\"EntryPoint\",\"urlTemplate\":\"https:\/\/www.roentgen-boehnke.de\/responsive\/wordpress\/?s={search_term_string}\"},\"query-input\":\"required name=search_term_string\"}],\"inLanguage\":\"de\"}]}<\/script>\n<!-- \/ Yoast SEO plugin. -->","yoast_head_json":{"title":"Detailseite - Ingenieurb\u00fcro B\u00f6hnke GmbH R\u00f6ntgen-Service und bildgebende Systeme","robots":{"index":"index","follow":"follow","max-snippet":"max-snippet:-1","max-image-preview":"max-image-preview:large","max-video-preview":"max-video-preview:-1"},"canonical":"https:\/\/www.roentgen-boehnke.de\/responsive\/wordpress\/detailseite\/","og_locale":"de_DE","og_type":"article","og_title":"Detailseite - Ingenieurb\u00fcro B\u00f6hnke GmbH R\u00f6ntgen-Service und bildgebende Systeme","og_description":"Produkteigenschaften Die PRS 500 E Serie bietet als komplettes Radiogra\ufb01e-System dem Anwender einen leistungsstarken R\u00f6ntgenarbeitsplatz und dem Patienten eine angenehme Atmosph\u00e4re. Das Komplettsystem unterst\u00fctzt alle Aufnahmetechniken aus den Bereichen Orthop\u00e4die, Chirurgie und Urologie. Platzsparende, schnelle Installation durch integriertes S\u00e4ulenstativ 6-Wege &hellip; Weiterlesen &rarr;","og_url":"https:\/\/www.roentgen-boehnke.de\/responsive\/wordpress\/detailseite\/","og_site_name":"Ingenieurb\u00fcro B\u00f6hnke GmbH R\u00f6ntgen-Service und bildgebende Systeme","article_modified_time":"2017-12-18T14:51:38+00:00","twitter_card":"summary_large_image","twitter_misc":{"Gesch\u00e4tzte Lesezeit":"3\u00a0Minuten"},"schema":{"@context":"https:\/\/schema.org","@graph":[{"@type":"WebPage","@id":"https:\/\/www.roentgen-boehnke.de\/responsive\/wordpress\/detailseite\/","url":"https:\/\/www.roentgen-boehnke.de\/responsive\/wordpress\/detailseite\/","name":"Detailseite - Ingenieurb\u00fcro B\u00f6hnke GmbH R\u00f6ntgen-Service und bildgebende Systeme","isPartOf":{"@id":"https:\/\/www.roentgen-boehnke.de\/responsive\/wordpress\/#website"},"datePublished":"2017-11-21T18:24:17+00:00","dateModified":"2017-12-18T14:51:38+00:00","breadcrumb":{"@id":"https:\/\/www.roentgen-boehnke.de\/responsive\/wordpress\/detailseite\/#breadcrumb"},"inLanguage":"de","potentialAction":[{"@type":"ReadAction","target":["https:\/\/www.roentgen-boehnke.de\/responsive\/wordpress\/detailseite\/"]}]},{"@type":"BreadcrumbList","@id":"https:\/\/www.roentgen-boehnke.de\/responsive\/wordpress\/detailseite\/#breadcrumb","itemListElement":[{"@type":"ListItem","position":1,"name":"Startseite","item":"https:\/\/www.roentgen-boehnke.de\/responsive\/wordpress\/"},{"@type":"ListItem","position":2,"name":"Detailseite"}]},{"@type":"WebSite","@id":"https:\/\/www.roentgen-boehnke.de\/responsive\/wordpress\/#website","url":"https:\/\/www.roentgen-boehnke.de\/responsive\/wordpress\/","name":"Ingenieurb\u00fcro B\u00f6hnke GmbH R\u00f6ntgen-Service und bildgebende Systeme","description":"55120 Mainz - Hauptstra\u00dfe 17-19 - Tel: 06131-9459550 - Fax: 06131-9459551","potentialAction":[{"@type":"SearchAction","target":{"@type":"EntryPoint","urlTemplate":"https:\/\/www.roentgen-boehnke.de\/responsive\/wordpress\/?s={search_term_string}"},"query-input":"required name=search_term_string"}],"inLanguage":"de"}]}},"_links":{"self":[{"href":"https:\/\/www.roentgen-boehnke.de\/responsive\/wordpress\/wp-json\/wp\/v2\/pages\/1685"}],"collection":[{"href":"https:\/\/www.roentgen-boehnke.de\/responsive\/wordpress\/wp-json\/wp\/v2\/pages"}],"about":[{"href":"https:\/\/www.roentgen-boehnke.de\/responsive\/wordpress\/wp-json\/wp\/v2\/types\/page"}],"author":[{"embeddable":true,"href":"https:\/\/www.roentgen-boehnke.de\/responsive\/wordpress\/wp-json\/wp\/v2\/users\/1"}],"replies":[{"embeddable":true,"href":"https:\/\/www.roentgen-boehnke.de\/responsive\/wordpress\/wp-json\/wp\/v2\/comments?post=1685"}],"version-history":[{"count":89,"href":"https:\/\/www.roentgen-boehnke.de\/responsive\/wordpress\/wp-json\/wp\/v2\/pages\/1685\/revisions"}],"predecessor-version":[{"id":1867,"href":"https:\/\/www.roentgen-boehnke.de\/responsive\/wordpress\/wp-json\/wp\/v2\/pages\/1685\/revisions\/1867"}],"wp:attachment":[{"href":"https:\/\/www.roentgen-boehnke.de\/responsive\/wordpress\/wp-json\/wp\/v2\/media?parent=1685"}],"curies":[{"name":"wp","href":"https:\/\/api.w.org\/{rel}","templated":true}]}}