{"id":37,"date":"2017-01-15T01:24:36","date_gmt":"2017-01-14T23:24:36","guid":{"rendered":"http:\/\/www.roentgen-boehnke.de\/responsive\/wordpress\/?page_id=37"},"modified":"2019-01-23T22:46:32","modified_gmt":"2019-01-23T20:46:32","slug":"wartung-2","status":"publish","type":"page","link":"https:\/\/www.roentgen-boehnke.de\/responsive\/wordpress\/wartung-2\/","title":{"rendered":"Wartung"},"content":{"rendered":"<div id=\"pl-37\"  class=\"panel-layout\" ><div id=\"pg-37-0\"  class=\"panel-grid panel-no-style\" ><div id=\"pgc-37-0-0\"  class=\"panel-grid-cell\" ><div id=\"panel-37-0-0-0\" class=\"so-panel widget widget_sow-editor panel-first-child panel-last-child\" data-index=\"0\" ><div\n\t\t\t\n\t\t\tclass=\"so-widget-sow-editor so-widget-sow-editor-base\"\n\t\t\t\n\t\t>\n<div class=\"siteorigin-widget-tinymce textwidget\">\n\t<ul>\n<li>Durch unterlassene Wartungen k\u00f6nnen gro\u00dfe wirtschaftliche Sch\u00e4den entstehen.\u00a0<\/li>\n<li><span style=\"font-size: 6pt;\">\u00a0<\/span>Folgen sind, neben den Kosten f\u00fcr Reparaturen oder gar Neuanschaffungen, nat\u00fcrlich auch unplanm\u00e4\u00dfige Einschr\u00e4nkungen f\u00fcr den Patientenbetrieb.<\/li>\n<li>Dieses Risiko k\u00f6nnen sie vermindern, wenn Sie Ihre sensiblen R\u00f6ntgenger\u00e4te und -anlagen regelm\u00e4\u00dfig auf Sicherheit und Funktionalit\u00e4t \u00fcberpr\u00fcfen und warten lassen.<\/li>\n<\/ul>\n<\/div>\n<\/div><\/div><\/div><\/div><div id=\"pg-37-1\"  class=\"panel-grid panel-no-style\" ><div id=\"pgc-37-1-0\"  class=\"panel-grid-cell\" ><div id=\"panel-37-1-0-0\" class=\"so-panel widget widget_sow-image panel-first-child panel-last-child\" data-index=\"1\" ><div\n\t\t\t\n\t\t\tclass=\"so-widget-sow-image so-widget-sow-image-default-4b231843ec72-37\"\n\t\t\t\n\t\t>\n\n<div class=\"sow-image-container\">\n\t\t<img src=\"https:\/\/www.roentgen-boehnke.de\/responsive\/wordpress\/wp-content\/uploads\/2017\/01\/IMG_5808kl.jpg\" width=\"375\" height=\"281\" srcset=\"https:\/\/www.roentgen-boehnke.de\/responsive\/wordpress\/wp-content\/uploads\/2017\/01\/IMG_5808kl.jpg 375w, https:\/\/www.roentgen-boehnke.de\/responsive\/wordpress\/wp-content\/uploads\/2017\/01\/IMG_5808kl-300x225.jpg 300w\" sizes=\"(max-width: 375px) 100vw, 375px\" title=\"VERSCHMUTZUNG VON SCHALT- UND STEUERELEMENTEN\" alt=\"R\u00f6ntgen-B\u00f6hnke Mainz Ankauf und Verkauf gebrauchte R\u00f6ntgenger\u00e4te\" loading=\"lazy\" \t\tclass=\"so-widget-image\"\/>\n\t<\/div>\n\n<h3 class=\"widget-title\">VERSCHMUTZUNG VON SCHALT- UND STEUERELEMENTEN<\/h3><\/div><\/div><\/div><div id=\"pgc-37-1-1\"  class=\"panel-grid-cell\" ><div id=\"panel-37-1-1-0\" class=\"so-panel widget widget_sow-image panel-first-child panel-last-child\" data-index=\"2\" ><div\n\t\t\t\n\t\t\tclass=\"so-widget-sow-image so-widget-sow-image-default-4b231843ec72-37\"\n\t\t\t\n\t\t>\n\n<div class=\"sow-image-container\">\n\t\t<img src=\"https:\/\/www.roentgen-boehnke.de\/responsive\/wordpress\/wp-content\/uploads\/2017\/01\/Kopieren_von_IMG_8642.jpg\" width=\"377\" height=\"282\" srcset=\"https:\/\/www.roentgen-boehnke.de\/responsive\/wordpress\/wp-content\/uploads\/2017\/01\/Kopieren_von_IMG_8642.jpg 377w, https:\/\/www.roentgen-boehnke.de\/responsive\/wordpress\/wp-content\/uploads\/2017\/01\/Kopieren_von_IMG_8642-300x224.jpg 300w\" sizes=\"(max-width: 377px) 100vw, 377px\" title=\"HOCHSPANNUNGSKURZSCHLUSS IN EINEM STECKER\" alt=\"R\u00f6ntgen-B\u00f6hnke Mainz Wartungsarbeiten an R\u00f6ntgenger\u00e4te\" loading=\"lazy\" \t\tclass=\"so-widget-image\"\/>\n\t<\/div>\n\n<h3 class=\"widget-title\">HOCHSPANNUNGSKURZSCHLUSS IN EINEM STECKER<\/h3><\/div><\/div><\/div><div id=\"pgc-37-1-2\"  class=\"panel-grid-cell\" ><div id=\"panel-37-1-2-0\" class=\"so-panel widget widget_sow-image panel-first-child panel-last-child\" data-index=\"3\" ><div\n\t\t\t\n\t\t\tclass=\"so-widget-sow-image so-widget-sow-image-default-d6014b76747a-37\"\n\t\t\t\n\t\t>\n\n<div class=\"sow-image-container\">\n\t\t<img src=\"https:\/\/www.roentgen-boehnke.de\/responsive\/wordpress\/wp-content\/uploads\/2017\/01\/Wartung01.jpg\" width=\"600\" height=\"450\" srcset=\"https:\/\/www.roentgen-boehnke.de\/responsive\/wordpress\/wp-content\/uploads\/2017\/01\/Wartung01.jpg 600w, https:\/\/www.roentgen-boehnke.de\/responsive\/wordpress\/wp-content\/uploads\/2017\/01\/Wartung01-300x225.jpg 300w, https:\/\/www.roentgen-boehnke.de\/responsive\/wordpress\/wp-content\/uploads\/2017\/01\/Wartung01-400x300.jpg 400w\" sizes=\"(max-width: 600px) 100vw, 600px\" title=\"VERSCHMORTER HOCHSPANNUNGSSTECKER\" alt=\"Ankauf Verkauf R\u00f6ntgen B\u00f6hnke Mainz\" loading=\"lazy\" \t\tclass=\"so-widget-image\"\/>\n\t<\/div>\n\n<h3 class=\"widget-title\">VERSCHMORTER HOCHSPANNUNGSSTECKER<\/h3><\/div><\/div><\/div><div id=\"pgc-37-1-3\"  class=\"panel-grid-cell\" ><div id=\"panel-37-1-3-0\" class=\"so-panel widget widget_sow-image panel-first-child panel-last-child\" data-index=\"4\" ><div\n\t\t\t\n\t\t\tclass=\"so-widget-sow-image so-widget-sow-image-default-d6014b76747a-37\"\n\t\t\t\n\t\t>\n\n<div class=\"sow-image-container\">\n\t\t<img src=\"https:\/\/www.roentgen-boehnke.de\/responsive\/wordpress\/wp-content\/uploads\/2017\/01\/Wartung04.jpg\" width=\"600\" height=\"450\" srcset=\"https:\/\/www.roentgen-boehnke.de\/responsive\/wordpress\/wp-content\/uploads\/2017\/01\/Wartung04.jpg 600w, https:\/\/www.roentgen-boehnke.de\/responsive\/wordpress\/wp-content\/uploads\/2017\/01\/Wartung04-300x225.jpg 300w, https:\/\/www.roentgen-boehnke.de\/responsive\/wordpress\/wp-content\/uploads\/2017\/01\/Wartung04-400x300.jpg 400w\" sizes=\"(max-width: 600px) 100vw, 600px\" title=\"VERLORENGEGANGENE KENNZEICHEN-BUCHSTABEN\" alt=\"R\u00f6ntgenger\u00e4te B\u00f6hnke Mainz\" loading=\"lazy\" \t\tclass=\"so-widget-image\"\/>\n\t<\/div>\n\n<h3 class=\"widget-title\">VERLORENGEGANGENE KENNZEICHEN-BUCHSTABEN<\/h3><\/div><\/div><\/div><\/div><div id=\"pg-37-2\"  class=\"panel-grid panel-no-style\" ><div id=\"pgc-37-2-0\"  class=\"panel-grid-cell panel-grid-cell-empty panel-grid-cell-mobile-last\" ><\/div><div id=\"pgc-37-2-1\"  class=\"panel-grid-cell panel-grid-cell-empty\" ><\/div><\/div><div id=\"pg-37-3\"  class=\"panel-grid panel-no-style\" ><div id=\"pgc-37-3-0\"  class=\"panel-grid-cell panel-grid-cell-empty panel-grid-cell-mobile-last\" ><\/div><div id=\"pgc-37-3-1\"  class=\"panel-grid-cell panel-grid-cell-empty\" ><\/div><\/div><div id=\"pg-37-4\"  class=\"panel-grid panel-no-style\" ><div id=\"pgc-37-4-0\"  class=\"panel-grid-cell\" ><div id=\"panel-37-4-0-0\" class=\"so-panel widget widget_sow-image panel-first-child panel-last-child\" data-index=\"5\" ><div\n\t\t\t\n\t\t\tclass=\"so-widget-sow-image so-widget-sow-image-default-d6014b76747a-37\"\n\t\t\t\n\t\t>\n\n<div class=\"sow-image-container\">\n\t\t<img src=\"https:\/\/www.roentgen-boehnke.de\/responsive\/wordpress\/wp-content\/uploads\/2017\/01\/Wartung03.jpg\" width=\"600\" height=\"450\" srcset=\"https:\/\/www.roentgen-boehnke.de\/responsive\/wordpress\/wp-content\/uploads\/2017\/01\/Wartung03.jpg 600w, https:\/\/www.roentgen-boehnke.de\/responsive\/wordpress\/wp-content\/uploads\/2017\/01\/Wartung03-300x225.jpg 300w, https:\/\/www.roentgen-boehnke.de\/responsive\/wordpress\/wp-content\/uploads\/2017\/01\/Wartung03-400x300.jpg 400w\" sizes=\"(max-width: 600px) 100vw, 600px\" title=\"VERSCHMUTZUNG VON SCHALT- UND STEUERELEMENTEN IM R\u00d6NTGENGENERATOR\" alt=\"gebrauchte R\u00f6ntgenger\u00e4te B\u00f6hnke Mainz\" loading=\"lazy\" \t\tclass=\"so-widget-image\"\/>\n\t<\/div>\n\n<h3 class=\"widget-title\">VERSCHMUTZUNG VON SCHALT- UND STEUERELEMENTEN IM R\u00d6NTGENGENERATOR<\/h3><\/div><\/div><\/div><div id=\"pgc-37-4-1\"  class=\"panel-grid-cell\" ><div id=\"panel-37-4-1-0\" class=\"so-panel widget widget_sow-image panel-first-child panel-last-child\" data-index=\"6\" ><div\n\t\t\t\n\t\t\tclass=\"so-widget-sow-image so-widget-sow-image-default-d6014b76747a-37\"\n\t\t\t\n\t\t>\n\n<div class=\"sow-image-container\">\n\t\t<img src=\"https:\/\/www.roentgen-boehnke.de\/responsive\/wordpress\/wp-content\/uploads\/2017\/01\/Wartung02.jpg\" width=\"600\" height=\"450\" srcset=\"https:\/\/www.roentgen-boehnke.de\/responsive\/wordpress\/wp-content\/uploads\/2017\/01\/Wartung02.jpg 600w, https:\/\/www.roentgen-boehnke.de\/responsive\/wordpress\/wp-content\/uploads\/2017\/01\/Wartung02-300x225.jpg 300w, https:\/\/www.roentgen-boehnke.de\/responsive\/wordpress\/wp-content\/uploads\/2017\/01\/Wartung02-400x300.jpg 400w\" sizes=\"(max-width: 600px) 100vw, 600px\" title=\"VERSCHMUTZUNG VON SCHALT- UND STEUERELEMENTEN IM R\u00d6NTGENGENERATOR\" alt=\"R\u00f6ntgenger\u00e4te B\u00f6hnke Mainz\" loading=\"lazy\" \t\tclass=\"so-widget-image\"\/>\n\t<\/div>\n\n<h3 class=\"widget-title\">VERSCHMUTZUNG VON SCHALT- UND STEUERELEMENTEN IM R\u00d6NTGENGENERATOR<\/h3><\/div><\/div><\/div><div id=\"pgc-37-4-2\"  class=\"panel-grid-cell\" ><div id=\"panel-37-4-2-0\" class=\"so-panel widget widget_sow-image panel-first-child panel-last-child\" data-index=\"7\" ><div\n\t\t\t\n\t\t\tclass=\"so-widget-sow-image so-widget-sow-image-default-d6014b76747a-37\"\n\t\t\t\n\t\t>\n\n<div class=\"sow-image-container\">\n\t\t<img src=\"https:\/\/www.roentgen-boehnke.de\/responsive\/wordpress\/wp-content\/uploads\/2017\/01\/Wartung5.jpg\" width=\"600\" height=\"450\" srcset=\"https:\/\/www.roentgen-boehnke.de\/responsive\/wordpress\/wp-content\/uploads\/2017\/01\/Wartung5.jpg 600w, https:\/\/www.roentgen-boehnke.de\/responsive\/wordpress\/wp-content\/uploads\/2017\/01\/Wartung5-300x225.jpg 300w, https:\/\/www.roentgen-boehnke.de\/responsive\/wordpress\/wp-content\/uploads\/2017\/01\/Wartung5-400x300.jpg 400w\" sizes=\"(max-width: 600px) 100vw, 600px\" title=\"VERSCHMUTZUNG VON SCHALT- UND STEUERELEMENTEN IM R\u00d6NTGENGENERATOR\" alt=\"gebrauchte R\u00f6ntgenger\u00e4te R\u00f6ntgen B\u00f6hnke Mainz\" loading=\"lazy\" \t\tclass=\"so-widget-image\"\/>\n\t<\/div>\n\n<h3 class=\"widget-title\">VERSCHMUTZUNG VON SCHALT- UND STEUERELEMENTEN IM R\u00d6NTGENGENERATOR<\/h3><\/div><\/div><\/div><div id=\"pgc-37-4-3\"  class=\"panel-grid-cell\" ><div id=\"panel-37-4-3-0\" class=\"so-panel widget widget_sow-image panel-first-child panel-last-child\" data-index=\"8\" ><div\n\t\t\t\n\t\t\tclass=\"so-widget-sow-image so-widget-sow-image-default-17bc2272b535-37\"\n\t\t\t\n\t\t>\n\n<div class=\"sow-image-container\">\n\t\t<img src=\"https:\/\/www.roentgen-boehnke.de\/responsive\/wordpress\/wp-content\/uploads\/2017\/01\/600x450Filter.jpg\" width=\"650\" height=\"487\" srcset=\"https:\/\/www.roentgen-boehnke.de\/responsive\/wordpress\/wp-content\/uploads\/2017\/01\/600x450Filter.jpg 650w, https:\/\/www.roentgen-boehnke.de\/responsive\/wordpress\/wp-content\/uploads\/2017\/01\/600x450Filter-300x225.jpg 300w, https:\/\/www.roentgen-boehnke.de\/responsive\/wordpress\/wp-content\/uploads\/2017\/01\/600x450Filter-400x300.jpg 400w\" sizes=\"(max-width: 650px) 100vw, 650px\" title=\"ZUGESETZTES L\u00dcFTERSIEB\" alt=\"R\u00f6ntgen-Boehnke Mainz\" loading=\"lazy\" \t\tclass=\"so-widget-image\"\/>\n\t<\/div>\n\n<h3 class=\"widget-title\">ZUGESETZTES L\u00dcFTERSIEB<\/h3><\/div><\/div><\/div><\/div><div id=\"pg-37-5\"  class=\"panel-grid panel-no-style\" ><div id=\"pgc-37-5-0\"  class=\"panel-grid-cell panel-grid-cell-empty panel-grid-cell-mobile-last\" ><\/div><div id=\"pgc-37-5-1\"  class=\"panel-grid-cell panel-grid-cell-empty\" ><\/div><\/div><div id=\"pg-37-6\"  class=\"panel-grid panel-no-style\" ><div id=\"pgc-37-6-0\"  class=\"panel-grid-cell panel-grid-cell-empty panel-grid-cell-mobile-last\" ><\/div><div id=\"pgc-37-6-1\"  class=\"panel-grid-cell panel-grid-cell-empty\" ><\/div><\/div><div id=\"pg-37-7\"  class=\"panel-grid panel-no-style\" ><div id=\"pgc-37-7-0\"  class=\"panel-grid-cell\" ><div id=\"panel-37-7-0-0\" class=\"so-panel widget widget_sow-editor panel-first-child panel-last-child\" data-index=\"9\" ><div\n\t\t\t\n\t\t\tclass=\"so-widget-sow-editor so-widget-sow-editor-base\"\n\t\t\t\n\t\t>\n<div class=\"siteorigin-widget-tinymce textwidget\">\n\t<h3><\/h3>\n<h3>alle Fotos: \u00a9 Heinz-J\u00fcrgen B\u00f6hnke, 1994-2019<\/h3>\n<\/div>\n<\/div><\/div><\/div><\/div><\/div>","protected":false},"excerpt":{"rendered":"<p>Durch unterlassene Wartungen k\u00f6nnen gro\u00dfe wirtschaftliche Sch\u00e4den entstehen.\u00a0 \u00a0Folgen sind, neben den Kosten f\u00fcr Reparaturen oder gar Neuanschaffungen, nat\u00fcrlich auch unplanm\u00e4\u00dfige Einschr\u00e4nkungen f\u00fcr den Patientenbetrieb. Dieses Risiko k\u00f6nnen sie vermindern, wenn Sie Ihre sensiblen R\u00f6ntgenger\u00e4te und -anlagen regelm\u00e4\u00dfig auf Sicherheit &hellip; <a href=\"https:\/\/www.roentgen-boehnke.de\/responsive\/wordpress\/wartung-2\/\">Weiterlesen <span class=\"meta-nav\">&rarr;<\/span><\/a><\/p>\n","protected":false},"author":1,"featured_media":0,"parent":0,"menu_order":0,"comment_status":"closed","ping_status":"closed","template":"","meta":[],"yoast_head":"<!-- This site is optimized with the Yoast SEO plugin v20.2.1 - https:\/\/yoast.com\/wordpress\/plugins\/seo\/ -->\n<title>Wartung - Ingenieurb\u00fcro B\u00f6hnke GmbH R\u00f6ntgen-Service und bildgebende Systeme<\/title>\n<meta name=\"robots\" content=\"index, follow, max-snippet:-1, max-image-preview:large, max-video-preview:-1\" \/>\n<link rel=\"canonical\" href=\"https:\/\/www.roentgen-boehnke.de\/responsive\/wordpress\/wartung-2\/\" \/>\n<meta property=\"og:locale\" content=\"de_DE\" \/>\n<meta property=\"og:type\" content=\"article\" \/>\n<meta property=\"og:title\" content=\"Wartung - Ingenieurb\u00fcro B\u00f6hnke GmbH R\u00f6ntgen-Service und bildgebende Systeme\" \/>\n<meta property=\"og:description\" content=\"Durch unterlassene Wartungen k\u00f6nnen gro\u00dfe wirtschaftliche Sch\u00e4den entstehen.\u00a0 \u00a0Folgen sind, neben den Kosten f\u00fcr Reparaturen oder gar Neuanschaffungen, nat\u00fcrlich auch unplanm\u00e4\u00dfige Einschr\u00e4nkungen f\u00fcr den Patientenbetrieb. Dieses Risiko k\u00f6nnen sie vermindern, wenn Sie Ihre sensiblen R\u00f6ntgenger\u00e4te und -anlagen regelm\u00e4\u00dfig auf Sicherheit &hellip; Weiterlesen &rarr;\" \/>\n<meta property=\"og:url\" content=\"https:\/\/www.roentgen-boehnke.de\/responsive\/wordpress\/wartung-2\/\" \/>\n<meta property=\"og:site_name\" content=\"Ingenieurb\u00fcro B\u00f6hnke GmbH R\u00f6ntgen-Service und bildgebende Systeme\" \/>\n<meta property=\"article:modified_time\" content=\"2019-01-23T20:46:32+00:00\" \/>\n<meta name=\"twitter:card\" content=\"summary_large_image\" \/>\n<meta name=\"twitter:label1\" content=\"Gesch\u00e4tzte Lesezeit\" \/>\n\t<meta name=\"twitter:data1\" content=\"1\u00a0Minute\" \/>\n<script type=\"application\/ld+json\" class=\"yoast-schema-graph\">{\"@context\":\"https:\/\/schema.org\",\"@graph\":[{\"@type\":\"WebPage\",\"@id\":\"https:\/\/www.roentgen-boehnke.de\/responsive\/wordpress\/wartung-2\/\",\"url\":\"https:\/\/www.roentgen-boehnke.de\/responsive\/wordpress\/wartung-2\/\",\"name\":\"Wartung - Ingenieurb\u00fcro B\u00f6hnke GmbH R\u00f6ntgen-Service und bildgebende Systeme\",\"isPartOf\":{\"@id\":\"https:\/\/www.roentgen-boehnke.de\/responsive\/wordpress\/#website\"},\"datePublished\":\"2017-01-14T23:24:36+00:00\",\"dateModified\":\"2019-01-23T20:46:32+00:00\",\"breadcrumb\":{\"@id\":\"https:\/\/www.roentgen-boehnke.de\/responsive\/wordpress\/wartung-2\/#breadcrumb\"},\"inLanguage\":\"de\",\"potentialAction\":[{\"@type\":\"ReadAction\",\"target\":[\"https:\/\/www.roentgen-boehnke.de\/responsive\/wordpress\/wartung-2\/\"]}]},{\"@type\":\"BreadcrumbList\",\"@id\":\"https:\/\/www.roentgen-boehnke.de\/responsive\/wordpress\/wartung-2\/#breadcrumb\",\"itemListElement\":[{\"@type\":\"ListItem\",\"position\":1,\"name\":\"Startseite\",\"item\":\"https:\/\/www.roentgen-boehnke.de\/responsive\/wordpress\/\"},{\"@type\":\"ListItem\",\"position\":2,\"name\":\"Wartung\"}]},{\"@type\":\"WebSite\",\"@id\":\"https:\/\/www.roentgen-boehnke.de\/responsive\/wordpress\/#website\",\"url\":\"https:\/\/www.roentgen-boehnke.de\/responsive\/wordpress\/\",\"name\":\"Ingenieurb\u00fcro B\u00f6hnke GmbH R\u00f6ntgen-Service und bildgebende Systeme\",\"description\":\"55120 Mainz - Hauptstra\u00dfe 17-19 - Tel: 06131-9459550 - Fax: 06131-9459551\",\"potentialAction\":[{\"@type\":\"SearchAction\",\"target\":{\"@type\":\"EntryPoint\",\"urlTemplate\":\"https:\/\/www.roentgen-boehnke.de\/responsive\/wordpress\/?s={search_term_string}\"},\"query-input\":\"required name=search_term_string\"}],\"inLanguage\":\"de\"}]}<\/script>\n<!-- \/ Yoast SEO plugin. -->","yoast_head_json":{"title":"Wartung - Ingenieurb\u00fcro B\u00f6hnke GmbH R\u00f6ntgen-Service und bildgebende Systeme","robots":{"index":"index","follow":"follow","max-snippet":"max-snippet:-1","max-image-preview":"max-image-preview:large","max-video-preview":"max-video-preview:-1"},"canonical":"https:\/\/www.roentgen-boehnke.de\/responsive\/wordpress\/wartung-2\/","og_locale":"de_DE","og_type":"article","og_title":"Wartung - Ingenieurb\u00fcro B\u00f6hnke GmbH R\u00f6ntgen-Service und bildgebende Systeme","og_description":"Durch unterlassene Wartungen k\u00f6nnen gro\u00dfe wirtschaftliche Sch\u00e4den entstehen.\u00a0 \u00a0Folgen sind, neben den Kosten f\u00fcr Reparaturen oder gar Neuanschaffungen, nat\u00fcrlich auch unplanm\u00e4\u00dfige Einschr\u00e4nkungen f\u00fcr den Patientenbetrieb. Dieses Risiko k\u00f6nnen sie vermindern, wenn Sie Ihre sensiblen R\u00f6ntgenger\u00e4te und -anlagen regelm\u00e4\u00dfig auf Sicherheit &hellip; Weiterlesen &rarr;","og_url":"https:\/\/www.roentgen-boehnke.de\/responsive\/wordpress\/wartung-2\/","og_site_name":"Ingenieurb\u00fcro B\u00f6hnke GmbH R\u00f6ntgen-Service und bildgebende Systeme","article_modified_time":"2019-01-23T20:46:32+00:00","twitter_card":"summary_large_image","twitter_misc":{"Gesch\u00e4tzte Lesezeit":"1\u00a0Minute"},"schema":{"@context":"https:\/\/schema.org","@graph":[{"@type":"WebPage","@id":"https:\/\/www.roentgen-boehnke.de\/responsive\/wordpress\/wartung-2\/","url":"https:\/\/www.roentgen-boehnke.de\/responsive\/wordpress\/wartung-2\/","name":"Wartung - Ingenieurb\u00fcro B\u00f6hnke GmbH R\u00f6ntgen-Service und bildgebende Systeme","isPartOf":{"@id":"https:\/\/www.roentgen-boehnke.de\/responsive\/wordpress\/#website"},"datePublished":"2017-01-14T23:24:36+00:00","dateModified":"2019-01-23T20:46:32+00:00","breadcrumb":{"@id":"https:\/\/www.roentgen-boehnke.de\/responsive\/wordpress\/wartung-2\/#breadcrumb"},"inLanguage":"de","potentialAction":[{"@type":"ReadAction","target":["https:\/\/www.roentgen-boehnke.de\/responsive\/wordpress\/wartung-2\/"]}]},{"@type":"BreadcrumbList","@id":"https:\/\/www.roentgen-boehnke.de\/responsive\/wordpress\/wartung-2\/#breadcrumb","itemListElement":[{"@type":"ListItem","position":1,"name":"Startseite","item":"https:\/\/www.roentgen-boehnke.de\/responsive\/wordpress\/"},{"@type":"ListItem","position":2,"name":"Wartung"}]},{"@type":"WebSite","@id":"https:\/\/www.roentgen-boehnke.de\/responsive\/wordpress\/#website","url":"https:\/\/www.roentgen-boehnke.de\/responsive\/wordpress\/","name":"Ingenieurb\u00fcro B\u00f6hnke GmbH R\u00f6ntgen-Service und bildgebende Systeme","description":"55120 Mainz - Hauptstra\u00dfe 17-19 - Tel: 06131-9459550 - Fax: 06131-9459551","potentialAction":[{"@type":"SearchAction","target":{"@type":"EntryPoint","urlTemplate":"https:\/\/www.roentgen-boehnke.de\/responsive\/wordpress\/?s={search_term_string}"},"query-input":"required name=search_term_string"}],"inLanguage":"de"}]}},"_links":{"self":[{"href":"https:\/\/www.roentgen-boehnke.de\/responsive\/wordpress\/wp-json\/wp\/v2\/pages\/37"}],"collection":[{"href":"https:\/\/www.roentgen-boehnke.de\/responsive\/wordpress\/wp-json\/wp\/v2\/pages"}],"about":[{"href":"https:\/\/www.roentgen-boehnke.de\/responsive\/wordpress\/wp-json\/wp\/v2\/types\/page"}],"author":[{"embeddable":true,"href":"https:\/\/www.roentgen-boehnke.de\/responsive\/wordpress\/wp-json\/wp\/v2\/users\/1"}],"replies":[{"embeddable":true,"href":"https:\/\/www.roentgen-boehnke.de\/responsive\/wordpress\/wp-json\/wp\/v2\/comments?post=37"}],"version-history":[{"count":117,"href":"https:\/\/www.roentgen-boehnke.de\/responsive\/wordpress\/wp-json\/wp\/v2\/pages\/37\/revisions"}],"predecessor-version":[{"id":817,"href":"https:\/\/www.roentgen-boehnke.de\/responsive\/wordpress\/wp-json\/wp\/v2\/pages\/37\/revisions\/817"}],"wp:attachment":[{"href":"https:\/\/www.roentgen-boehnke.de\/responsive\/wordpress\/wp-json\/wp\/v2\/media?parent=37"}],"curies":[{"name":"wp","href":"https:\/\/api.w.org\/{rel}","templated":true}]}}