{"id":39,"date":"2017-01-15T01:27:58","date_gmt":"2017-01-14T23:27:58","guid":{"rendered":"http:\/\/www.roentgen-boehnke.de\/responsive\/wordpress\/?page_id=39"},"modified":"2024-04-10T00:45:59","modified_gmt":"2024-04-09T22:45:59","slug":"angebote","status":"publish","type":"page","link":"https:\/\/www.roentgen-boehnke.de\/responsive\/wordpress\/angebote\/","title":{"rendered":"Ger\u00e4te"},"content":{"rendered":"<div id=\"pl-39\"  class=\"panel-layout\" ><div id=\"pg-39-0\"  class=\"panel-grid panel-no-style\" ><div id=\"pgc-39-0-0\"  class=\"panel-grid-cell\" ><div id=\"panel-39-0-0-0\" class=\"so-panel widget widget_sow-editor panel-first-child panel-last-child\" data-index=\"0\" ><div\n\t\t\t\n\t\t\tclass=\"so-widget-sow-editor so-widget-sow-editor-base\"\n\t\t\t\n\t\t>\n<div class=\"siteorigin-widget-tinymce textwidget\">\n\t<p>Wir kaufen Ihre R\u00f6ntgenanlage, Buckyarbeitsplatz, R\u00f6ntgenger\u00e4t, Durchleuchtungsger\u00e4t,\u00a0Mammographieger\u00e4t, CT-Ger\u00e4t und Gammakamera.<\/p>\n<\/div>\n<\/div><\/div><\/div><\/div><div id=\"pg-39-1\"  class=\"panel-grid panel-no-style\" ><div id=\"pgc-39-1-0\"  class=\"panel-grid-cell\" ><div id=\"panel-39-1-0-0\" class=\"so-panel widget widget_sow-image panel-first-child panel-last-child\" data-index=\"1\" ><div\n\t\t\t\n\t\t\tclass=\"so-widget-sow-image so-widget-sow-image-default-d6014b76747a-39\"\n\t\t\t\n\t\t>\n\n<div class=\"sow-image-container\">\n\t\t<img src=\"https:\/\/www.roentgen-boehnke.de\/responsive\/wordpress\/wp-content\/uploads\/2017\/01\/IMG_0152-1-300x225.jpg\" width=\"300\" height=\"225\" srcset=\"https:\/\/www.roentgen-boehnke.de\/responsive\/wordpress\/wp-content\/uploads\/2017\/01\/IMG_0152-1-300x225.jpg 300w, https:\/\/www.roentgen-boehnke.de\/responsive\/wordpress\/wp-content\/uploads\/2017\/01\/IMG_0152-1-400x300.jpg 400w, https:\/\/www.roentgen-boehnke.de\/responsive\/wordpress\/wp-content\/uploads\/2017\/01\/IMG_0152-1.jpg 600w\" sizes=\"(max-width: 300px) 100vw, 300px\" title=\"Siemens Spirit CT-Ger\u00e4t\" alt=\"Ankauf von gebrauchten R\u00f6ntgenger\u00e4ten R\u00f6ntgenger\u00e4te B\u00f6hnke Mainz\" loading=\"lazy\" \t\tclass=\"so-widget-image\"\/>\n\t<\/div>\n\n<h3 class=\"widget-title\">Siemens Spirit CT-Ger\u00e4t<\/h3><\/div><\/div><\/div><div id=\"pgc-39-1-1\"  class=\"panel-grid-cell\" ><div id=\"panel-39-1-1-0\" class=\"so-panel widget widget_sow-image panel-first-child panel-last-child\" data-index=\"2\" ><div\n\t\t\t\n\t\t\tclass=\"so-widget-sow-image so-widget-sow-image-default-d6014b76747a-39\"\n\t\t\t\n\t\t>\n\n<div class=\"sow-image-container\">\n\t\t<img src=\"https:\/\/www.roentgen-boehnke.de\/responsive\/wordpress\/wp-content\/uploads\/2017\/01\/Kopieren-von-IMG_7701-1-300x225.jpg\" width=\"300\" height=\"225\" srcset=\"https:\/\/www.roentgen-boehnke.de\/responsive\/wordpress\/wp-content\/uploads\/2017\/01\/Kopieren-von-IMG_7701-1-300x225.jpg 300w, https:\/\/www.roentgen-boehnke.de\/responsive\/wordpress\/wp-content\/uploads\/2017\/01\/Kopieren-von-IMG_7701-1-768x576.jpg 768w, https:\/\/www.roentgen-boehnke.de\/responsive\/wordpress\/wp-content\/uploads\/2017\/01\/Kopieren-von-IMG_7701-1-400x300.jpg 400w, https:\/\/www.roentgen-boehnke.de\/responsive\/wordpress\/wp-content\/uploads\/2017\/01\/Kopieren-von-IMG_7701-1.jpg 900w\" sizes=\"(max-width: 300px) 100vw, 300px\" title=\"Philips Buckytisch\" alt=\"R\u00f6ntgenanlagen B\u00f6hnke Mainz\" loading=\"lazy\" \t\tclass=\"so-widget-image\"\/>\n\t<\/div>\n\n<h3 class=\"widget-title\">Philips Buckytisch<\/h3><\/div><\/div><\/div><div id=\"pgc-39-1-2\"  class=\"panel-grid-cell\" ><div id=\"panel-39-1-2-0\" class=\"so-panel widget widget_sow-image panel-first-child panel-last-child\" data-index=\"3\" ><div\n\t\t\t\n\t\t\tclass=\"so-widget-sow-image so-widget-sow-image-default-d6014b76747a-39\"\n\t\t\t\n\t\t>\n\n<div class=\"sow-image-container\">\n\t\t<img src=\"https:\/\/www.roentgen-boehnke.de\/responsive\/wordpress\/wp-content\/uploads\/2017\/01\/Kopieren_von_IMG_7056-300x225.jpg\" width=\"300\" height=\"225\" srcset=\"https:\/\/www.roentgen-boehnke.de\/responsive\/wordpress\/wp-content\/uploads\/2017\/01\/Kopieren_von_IMG_7056-300x225.jpg 300w, https:\/\/www.roentgen-boehnke.de\/responsive\/wordpress\/wp-content\/uploads\/2017\/01\/Kopieren_von_IMG_7056-399x300.jpg 399w, https:\/\/www.roentgen-boehnke.de\/responsive\/wordpress\/wp-content\/uploads\/2017\/01\/Kopieren_von_IMG_7056.jpg 446w\" sizes=\"(max-width: 300px) 100vw, 300px\" title=\"Siemens Iconos Durchleuchtungsger\u00e4t\" alt=\"\" loading=\"lazy\" \t\tclass=\"so-widget-image\"\/>\n\t<\/div>\n\n<h3 class=\"widget-title\">Siemens Iconos Durchleuchtungsger\u00e4t<\/h3><\/div><\/div><\/div><div id=\"pgc-39-1-3\"  class=\"panel-grid-cell\" ><div id=\"panel-39-1-3-0\" class=\"so-panel widget widget_sow-image panel-first-child panel-last-child\" data-index=\"4\" ><div\n\t\t\t\n\t\t\tclass=\"so-widget-sow-image so-widget-sow-image-default-d6014b76747a-39\"\n\t\t\t\n\t\t>\n\n<div class=\"sow-image-container\">\n\t\t<img src=\"https:\/\/www.roentgen-boehnke.de\/responsive\/wordpress\/wp-content\/uploads\/2017\/01\/2007-DSCN7321-300x225.jpg\" width=\"300\" height=\"225\" srcset=\"https:\/\/www.roentgen-boehnke.de\/responsive\/wordpress\/wp-content\/uploads\/2017\/01\/2007-DSCN7321-300x225.jpg 300w, https:\/\/www.roentgen-boehnke.de\/responsive\/wordpress\/wp-content\/uploads\/2017\/01\/2007-DSCN7321.jpg 354w\" sizes=\"(max-width: 300px) 100vw, 300px\" title=\"Siemens Sireskop Durchleuchtungsger\u00e4t\" alt=\"\" loading=\"lazy\" \t\tclass=\"so-widget-image\"\/>\n\t<\/div>\n\n<h3 class=\"widget-title\">Siemens Sireskop Durchleuchtungsger\u00e4t<\/h3><\/div><\/div><\/div><\/div><div id=\"pg-39-2\"  class=\"panel-grid panel-no-style\" ><div id=\"pgc-39-2-0\"  class=\"panel-grid-cell\" ><div id=\"panel-39-2-0-0\" class=\"so-panel widget widget_sow-image panel-first-child panel-last-child\" data-index=\"5\" ><div\n\t\t\t\n\t\t\tclass=\"so-widget-sow-image so-widget-sow-image-default-d6014b76747a-39\"\n\t\t\t\n\t\t>\n\n<div class=\"sow-image-container\">\n\t\t<img src=\"https:\/\/www.roentgen-boehnke.de\/responsive\/wordpress\/wp-content\/uploads\/2017\/01\/Urologentisch-3-300x225.jpg\" width=\"300\" height=\"225\" srcset=\"https:\/\/www.roentgen-boehnke.de\/responsive\/wordpress\/wp-content\/uploads\/2017\/01\/Urologentisch-3-300x225.jpg 300w, https:\/\/www.roentgen-boehnke.de\/responsive\/wordpress\/wp-content\/uploads\/2017\/01\/Urologentisch-3.jpg 400w\" sizes=\"(max-width: 300px) 100vw, 300px\" title=\"Siemens Uroskop Urologischer Untersuchungstisch\" alt=\"SIEMENS UROSKOP UROLOGISCHER UNTERSUCHUNGSTISCH\" loading=\"lazy\" \t\tclass=\"so-widget-image\"\/>\n\t<\/div>\n\n<h3 class=\"widget-title\">Siemens Uroskop Urologischer Untersuchungstisch<\/h3><\/div><\/div><\/div><div id=\"pgc-39-2-1\"  class=\"panel-grid-cell\" ><div id=\"panel-39-2-1-0\" class=\"so-panel widget widget_sow-image panel-first-child panel-last-child\" data-index=\"6\" ><div\n\t\t\t\n\t\t\tclass=\"so-widget-sow-image so-widget-sow-image-default-d6014b76747a-39\"\n\t\t\t\n\t\t>\n\n<div class=\"sow-image-container\">\n\t\t<img src=\"https:\/\/www.roentgen-boehnke.de\/responsive\/wordpress\/wp-content\/uploads\/2017\/01\/bucky_button-1-300x225.jpg\" width=\"300\" height=\"225\" srcset=\"https:\/\/www.roentgen-boehnke.de\/responsive\/wordpress\/wp-content\/uploads\/2017\/01\/bucky_button-1-300x225.jpg 300w, https:\/\/www.roentgen-boehnke.de\/responsive\/wordpress\/wp-content\/uploads\/2017\/01\/bucky_button-1-400x300.jpg 400w, https:\/\/www.roentgen-boehnke.de\/responsive\/wordpress\/wp-content\/uploads\/2017\/01\/bucky_button-1.jpg 409w\" sizes=\"(max-width: 300px) 100vw, 300px\" title=\"Siemens Multix Buckyarbeitsplatz\" alt=\"R\u00f6ntgenanlagen B\u00f6hnke Mainz\" loading=\"lazy\" \t\tclass=\"so-widget-image\"\/>\n\t<\/div>\n\n<h3 class=\"widget-title\">Siemens Multix Buckyarbeitsplatz<\/h3><\/div><\/div><\/div><div id=\"pgc-39-2-2\"  class=\"panel-grid-cell\" ><div id=\"panel-39-2-2-0\" class=\"so-panel widget widget_sow-image panel-first-child panel-last-child\" data-index=\"7\" ><div\n\t\t\t\n\t\t\tclass=\"so-widget-sow-image so-widget-sow-image-default-d6014b76747a-39\"\n\t\t\t\n\t\t>\n\n<div class=\"sow-image-container\">\n\t\t<img src=\"https:\/\/www.roentgen-boehnke.de\/responsive\/wordpress\/wp-content\/uploads\/2017\/01\/ct-anlage300-1-300x225.jpg\" width=\"300\" height=\"225\" sizes=\"(max-width: 300px) 100vw, 300px\" title=\"Siemens AR.T CT-Ger\u00e4t\" alt=\"gebrauchte R\u00f6ntgenanlagen B\u00f6hnke Mainz Ingenieurb\u00fcro\" loading=\"lazy\" \t\tclass=\"so-widget-image\"\/>\n\t<\/div>\n\n<h3 class=\"widget-title\">Siemens AR.T CT-Ger\u00e4t<\/h3><\/div><\/div><\/div><div id=\"pgc-39-2-3\"  class=\"panel-grid-cell\" ><div id=\"panel-39-2-3-0\" class=\"so-panel widget widget_sow-image panel-first-child panel-last-child\" data-index=\"8\" ><div\n\t\t\t\n\t\t\tclass=\"so-widget-sow-image so-widget-sow-image-default-d6014b76747a-39\"\n\t\t\t\n\t\t>\n\n<div class=\"sow-image-container\">\n\t\t<img src=\"https:\/\/www.roentgen-boehnke.de\/responsive\/wordpress\/wp-content\/uploads\/2017\/01\/SIEMENS_Vertix_MD_Trauma300-1-300x224.jpg\" width=\"300\" height=\"224\" sizes=\"(max-width: 300px) 100vw, 300px\" title=\"Siemens R\u00f6ntgenstrahler\" alt=\"Siemens Vertix Trauma Anlage Ingenieurb\u00fcro B\u00f6hnke Mainz\" loading=\"lazy\" \t\tclass=\"so-widget-image\"\/>\n\t<\/div>\n\n<h3 class=\"widget-title\">Siemens R\u00f6ntgenstrahler<\/h3><\/div><\/div><\/div><\/div><div id=\"pg-39-3\"  class=\"panel-grid panel-no-style\" ><div id=\"pgc-39-3-0\"  class=\"panel-grid-cell\" ><div id=\"panel-39-3-0-0\" class=\"so-panel widget widget_sow-image panel-first-child panel-last-child\" data-index=\"9\" ><div\n\t\t\t\n\t\t\tclass=\"so-widget-sow-image so-widget-sow-image-default-d6014b76747a-39\"\n\t\t\t\n\t\t>\n\n<div class=\"sow-image-container\">\n\t\t<img src=\"https:\/\/www.roentgen-boehnke.de\/responsive\/wordpress\/wp-content\/uploads\/2017\/01\/Vertix-UMIMG_0987xyxy3-300x225.jpg\" width=\"300\" height=\"225\" srcset=\"https:\/\/www.roentgen-boehnke.de\/responsive\/wordpress\/wp-content\/uploads\/2017\/01\/Vertix-UMIMG_0987xyxy3-300x225.jpg 300w, https:\/\/www.roentgen-boehnke.de\/responsive\/wordpress\/wp-content\/uploads\/2017\/01\/Vertix-UMIMG_0987xyxy3-400x300.jpg 400w, https:\/\/www.roentgen-boehnke.de\/responsive\/wordpress\/wp-content\/uploads\/2017\/01\/Vertix-UMIMG_0987xyxy3.jpg 500w\" sizes=\"(max-width: 300px) 100vw, 300px\" title=\"Siemens Vertix Universalger\u00e4t\" alt=\"SIEMENS VERTIX UNIVERSALGER\u00c4T\" loading=\"lazy\" \t\tclass=\"so-widget-image\"\/>\n\t<\/div>\n\n<h3 class=\"widget-title\">Siemens Vertix Universalger\u00e4t<\/h3><\/div><\/div><\/div><div id=\"pgc-39-3-1\"  class=\"panel-grid-cell\" ><div id=\"panel-39-3-1-0\" class=\"so-panel widget widget_sow-image panel-first-child panel-last-child\" data-index=\"10\" ><div\n\t\t\t\n\t\t\tclass=\"so-widget-sow-image so-widget-sow-image-default-d6014b76747a-39\"\n\t\t\t\n\t\t>\n\n<div class=\"sow-image-container\">\n\t\t<img src=\"https:\/\/www.roentgen-boehnke.de\/responsive\/wordpress\/wp-content\/uploads\/2017\/01\/Precision_2-1-300x225.jpg\" width=\"300\" height=\"225\" srcset=\"https:\/\/www.roentgen-boehnke.de\/responsive\/wordpress\/wp-content\/uploads\/2017\/01\/Precision_2-1-300x225.jpg 300w, https:\/\/www.roentgen-boehnke.de\/responsive\/wordpress\/wp-content\/uploads\/2017\/01\/Precision_2-1-768x576.jpg 768w, https:\/\/www.roentgen-boehnke.de\/responsive\/wordpress\/wp-content\/uploads\/2017\/01\/Precision_2-1-400x300.jpg 400w, https:\/\/www.roentgen-boehnke.de\/responsive\/wordpress\/wp-content\/uploads\/2017\/01\/Precision_2-1.jpg 960w\" sizes=\"(max-width: 300px) 100vw, 300px\" title=\"GE-Precision RXI Durchleuchtungsger\u00e4t\" alt=\"suche gebrauchte R\u00f6ntgenanlagen\" loading=\"lazy\" \t\tclass=\"so-widget-image\"\/>\n\t<\/div>\n\n<h3 class=\"widget-title\">GE-Precision RXI Durchleuchtungsger\u00e4t<\/h3><\/div><\/div><\/div><div id=\"pgc-39-3-2\"  class=\"panel-grid-cell\" ><div id=\"panel-39-3-2-0\" class=\"so-panel widget widget_sow-image panel-first-child panel-last-child\" data-index=\"11\" ><div\n\t\t\t\n\t\t\tclass=\"so-widget-sow-image so-widget-sow-image-default-d6014b76747a-39\"\n\t\t\t\n\t\t>\n\n<div class=\"sow-image-container\">\n\t\t<img src=\"https:\/\/www.roentgen-boehnke.de\/responsive\/wordpress\/wp-content\/uploads\/2017\/01\/Siemens_Rontgenanlage22-1-1-1-300x225.jpg\" width=\"300\" height=\"225\" srcset=\"https:\/\/www.roentgen-boehnke.de\/responsive\/wordpress\/wp-content\/uploads\/2017\/01\/Siemens_Rontgenanlage22-1-1-1-300x225.jpg 300w, https:\/\/www.roentgen-boehnke.de\/responsive\/wordpress\/wp-content\/uploads\/2017\/01\/Siemens_Rontgenanlage22-1-1-1-400x300.jpg 400w, https:\/\/www.roentgen-boehnke.de\/responsive\/wordpress\/wp-content\/uploads\/2017\/01\/Siemens_Rontgenanlage22-1-1-1.jpg 600w\" sizes=\"(max-width: 300px) 100vw, 300px\" title=\"Siemens \/ Pausch Buckyanlage\" alt=\"gebrauchte R\u00f6ntgenanlagen B\u00f6hnke Mainz\" loading=\"lazy\" \t\tclass=\"so-widget-image\"\/>\n\t<\/div>\n\n<h3 class=\"widget-title\">Siemens \/ Pausch Buckyanlage<\/h3><\/div><\/div><\/div><div id=\"pgc-39-3-3\"  class=\"panel-grid-cell\" ><div id=\"panel-39-3-3-0\" class=\"so-panel widget widget_sow-image panel-first-child panel-last-child\" data-index=\"12\" ><div\n\t\t\t\n\t\t\tclass=\"so-widget-sow-image so-widget-sow-image-default-d6014b76747a-39\"\n\t\t\t\n\t\t>\n\n<div class=\"sow-image-container\">\n\t\t<img src=\"https:\/\/www.roentgen-boehnke.de\/responsive\/wordpress\/wp-content\/uploads\/2017\/01\/13-300x225.jpg\" width=\"300\" height=\"225\" srcset=\"https:\/\/www.roentgen-boehnke.de\/responsive\/wordpress\/wp-content\/uploads\/2017\/01\/13-300x225.jpg 300w, https:\/\/www.roentgen-boehnke.de\/responsive\/wordpress\/wp-content\/uploads\/2017\/01\/13-400x300.jpg 400w, https:\/\/www.roentgen-boehnke.de\/responsive\/wordpress\/wp-content\/uploads\/2017\/01\/13.jpg 640w\" sizes=\"(max-width: 300px) 100vw, 300px\" title=\"Toshiba CT-Ger\u00e4t\" alt=\"gebrauchte R\u00f6ntgenger\u00e4te Ankauf Ing.-B\u00fcro B\u00f6hnke Mainz\" loading=\"lazy\" \t\tclass=\"so-widget-image\"\/>\n\t<\/div>\n\n<h3 class=\"widget-title\">Toshiba CT-Ger\u00e4t<\/h3><\/div><\/div><\/div><\/div><div id=\"pg-39-4\"  class=\"panel-grid panel-no-style\" ><div id=\"pgc-39-4-0\"  class=\"panel-grid-cell\" ><div id=\"panel-39-4-0-0\" class=\"so-panel widget widget_sow-editor panel-first-child panel-last-child\" data-index=\"13\" ><div\n\t\t\t\n\t\t\tclass=\"so-widget-sow-editor so-widget-sow-editor-base\"\n\t\t\t\n\t\t>\n<div class=\"siteorigin-widget-tinymce textwidget\">\n\t<p>&nbsp;<\/p>\n<h3>alle Fotos: \u00a9 Heinz-J\u00fcrgen B\u00f6hnke, 1994-2024<\/h3>\n<p>&nbsp;<br \/>\nF\u00fcr weitere Informationen wenden Sie sich bitte an:<\/p>\n<\/div>\n<\/div><\/div><\/div><\/div><\/div>","protected":false},"excerpt":{"rendered":"<p>Wir kaufen Ihre R\u00f6ntgenanlage, Buckyarbeitsplatz, R\u00f6ntgenger\u00e4t, Durchleuchtungsger\u00e4t,\u00a0Mammographieger\u00e4t, CT-Ger\u00e4t und Gammakamera.<\/p>\n","protected":false},"author":1,"featured_media":0,"parent":0,"menu_order":0,"comment_status":"closed","ping_status":"closed","template":"","meta":[],"yoast_head":"<!-- This site is optimized with the Yoast SEO plugin v20.2.1 - https:\/\/yoast.com\/wordpress\/plugins\/seo\/ -->\n<title>Ger\u00e4te - Ingenieurb\u00fcro B\u00f6hnke GmbH R\u00f6ntgen-Service und bildgebende Systeme<\/title>\n<meta name=\"robots\" content=\"index, follow, max-snippet:-1, max-image-preview:large, max-video-preview:-1\" \/>\n<link rel=\"canonical\" href=\"https:\/\/www.roentgen-boehnke.de\/responsive\/wordpress\/angebote\/\" \/>\n<meta property=\"og:locale\" content=\"de_DE\" \/>\n<meta property=\"og:type\" content=\"article\" \/>\n<meta property=\"og:title\" content=\"Ger\u00e4te - Ingenieurb\u00fcro B\u00f6hnke GmbH R\u00f6ntgen-Service und bildgebende Systeme\" \/>\n<meta property=\"og:description\" content=\"Wir kaufen Ihre R\u00f6ntgenanlage, Buckyarbeitsplatz, R\u00f6ntgenger\u00e4t, Durchleuchtungsger\u00e4t,\u00a0Mammographieger\u00e4t, CT-Ger\u00e4t und Gammakamera.\" \/>\n<meta property=\"og:url\" content=\"https:\/\/www.roentgen-boehnke.de\/responsive\/wordpress\/angebote\/\" \/>\n<meta property=\"og:site_name\" content=\"Ingenieurb\u00fcro B\u00f6hnke GmbH R\u00f6ntgen-Service und bildgebende Systeme\" \/>\n<meta property=\"article:modified_time\" content=\"2024-04-09T22:45:59+00:00\" \/>\n<meta name=\"twitter:card\" content=\"summary_large_image\" \/>\n<meta name=\"twitter:label1\" content=\"Gesch\u00e4tzte Lesezeit\" \/>\n\t<meta name=\"twitter:data1\" content=\"1\u00a0Minute\" \/>\n<script type=\"application\/ld+json\" class=\"yoast-schema-graph\">{\"@context\":\"https:\/\/schema.org\",\"@graph\":[{\"@type\":\"WebPage\",\"@id\":\"https:\/\/www.roentgen-boehnke.de\/responsive\/wordpress\/angebote\/\",\"url\":\"https:\/\/www.roentgen-boehnke.de\/responsive\/wordpress\/angebote\/\",\"name\":\"Ger\u00e4te - Ingenieurb\u00fcro B\u00f6hnke GmbH R\u00f6ntgen-Service und bildgebende Systeme\",\"isPartOf\":{\"@id\":\"https:\/\/www.roentgen-boehnke.de\/responsive\/wordpress\/#website\"},\"datePublished\":\"2017-01-14T23:27:58+00:00\",\"dateModified\":\"2024-04-09T22:45:59+00:00\",\"breadcrumb\":{\"@id\":\"https:\/\/www.roentgen-boehnke.de\/responsive\/wordpress\/angebote\/#breadcrumb\"},\"inLanguage\":\"de\",\"potentialAction\":[{\"@type\":\"ReadAction\",\"target\":[\"https:\/\/www.roentgen-boehnke.de\/responsive\/wordpress\/angebote\/\"]}]},{\"@type\":\"BreadcrumbList\",\"@id\":\"https:\/\/www.roentgen-boehnke.de\/responsive\/wordpress\/angebote\/#breadcrumb\",\"itemListElement\":[{\"@type\":\"ListItem\",\"position\":1,\"name\":\"Startseite\",\"item\":\"https:\/\/www.roentgen-boehnke.de\/responsive\/wordpress\/\"},{\"@type\":\"ListItem\",\"position\":2,\"name\":\"Ger\u00e4te\"}]},{\"@type\":\"WebSite\",\"@id\":\"https:\/\/www.roentgen-boehnke.de\/responsive\/wordpress\/#website\",\"url\":\"https:\/\/www.roentgen-boehnke.de\/responsive\/wordpress\/\",\"name\":\"Ingenieurb\u00fcro B\u00f6hnke GmbH R\u00f6ntgen-Service und bildgebende Systeme\",\"description\":\"55120 Mainz - Hauptstra\u00dfe 17-19 - Tel: 06131-9459550 - Fax: 06131-9459551\",\"potentialAction\":[{\"@type\":\"SearchAction\",\"target\":{\"@type\":\"EntryPoint\",\"urlTemplate\":\"https:\/\/www.roentgen-boehnke.de\/responsive\/wordpress\/?s={search_term_string}\"},\"query-input\":\"required name=search_term_string\"}],\"inLanguage\":\"de\"}]}<\/script>\n<!-- \/ Yoast SEO plugin. -->","yoast_head_json":{"title":"Ger\u00e4te - Ingenieurb\u00fcro B\u00f6hnke GmbH R\u00f6ntgen-Service und bildgebende Systeme","robots":{"index":"index","follow":"follow","max-snippet":"max-snippet:-1","max-image-preview":"max-image-preview:large","max-video-preview":"max-video-preview:-1"},"canonical":"https:\/\/www.roentgen-boehnke.de\/responsive\/wordpress\/angebote\/","og_locale":"de_DE","og_type":"article","og_title":"Ger\u00e4te - Ingenieurb\u00fcro B\u00f6hnke GmbH R\u00f6ntgen-Service und bildgebende Systeme","og_description":"Wir kaufen Ihre R\u00f6ntgenanlage, Buckyarbeitsplatz, R\u00f6ntgenger\u00e4t, Durchleuchtungsger\u00e4t,\u00a0Mammographieger\u00e4t, CT-Ger\u00e4t und Gammakamera.","og_url":"https:\/\/www.roentgen-boehnke.de\/responsive\/wordpress\/angebote\/","og_site_name":"Ingenieurb\u00fcro B\u00f6hnke GmbH R\u00f6ntgen-Service und bildgebende Systeme","article_modified_time":"2024-04-09T22:45:59+00:00","twitter_card":"summary_large_image","twitter_misc":{"Gesch\u00e4tzte Lesezeit":"1\u00a0Minute"},"schema":{"@context":"https:\/\/schema.org","@graph":[{"@type":"WebPage","@id":"https:\/\/www.roentgen-boehnke.de\/responsive\/wordpress\/angebote\/","url":"https:\/\/www.roentgen-boehnke.de\/responsive\/wordpress\/angebote\/","name":"Ger\u00e4te - Ingenieurb\u00fcro B\u00f6hnke GmbH R\u00f6ntgen-Service und bildgebende Systeme","isPartOf":{"@id":"https:\/\/www.roentgen-boehnke.de\/responsive\/wordpress\/#website"},"datePublished":"2017-01-14T23:27:58+00:00","dateModified":"2024-04-09T22:45:59+00:00","breadcrumb":{"@id":"https:\/\/www.roentgen-boehnke.de\/responsive\/wordpress\/angebote\/#breadcrumb"},"inLanguage":"de","potentialAction":[{"@type":"ReadAction","target":["https:\/\/www.roentgen-boehnke.de\/responsive\/wordpress\/angebote\/"]}]},{"@type":"BreadcrumbList","@id":"https:\/\/www.roentgen-boehnke.de\/responsive\/wordpress\/angebote\/#breadcrumb","itemListElement":[{"@type":"ListItem","position":1,"name":"Startseite","item":"https:\/\/www.roentgen-boehnke.de\/responsive\/wordpress\/"},{"@type":"ListItem","position":2,"name":"Ger\u00e4te"}]},{"@type":"WebSite","@id":"https:\/\/www.roentgen-boehnke.de\/responsive\/wordpress\/#website","url":"https:\/\/www.roentgen-boehnke.de\/responsive\/wordpress\/","name":"Ingenieurb\u00fcro B\u00f6hnke GmbH R\u00f6ntgen-Service und bildgebende Systeme","description":"55120 Mainz - Hauptstra\u00dfe 17-19 - Tel: 06131-9459550 - Fax: 06131-9459551","potentialAction":[{"@type":"SearchAction","target":{"@type":"EntryPoint","urlTemplate":"https:\/\/www.roentgen-boehnke.de\/responsive\/wordpress\/?s={search_term_string}"},"query-input":"required name=search_term_string"}],"inLanguage":"de"}]}},"_links":{"self":[{"href":"https:\/\/www.roentgen-boehnke.de\/responsive\/wordpress\/wp-json\/wp\/v2\/pages\/39"}],"collection":[{"href":"https:\/\/www.roentgen-boehnke.de\/responsive\/wordpress\/wp-json\/wp\/v2\/pages"}],"about":[{"href":"https:\/\/www.roentgen-boehnke.de\/responsive\/wordpress\/wp-json\/wp\/v2\/types\/page"}],"author":[{"embeddable":true,"href":"https:\/\/www.roentgen-boehnke.de\/responsive\/wordpress\/wp-json\/wp\/v2\/users\/1"}],"replies":[{"embeddable":true,"href":"https:\/\/www.roentgen-boehnke.de\/responsive\/wordpress\/wp-json\/wp\/v2\/comments?post=39"}],"version-history":[{"count":369,"href":"https:\/\/www.roentgen-boehnke.de\/responsive\/wordpress\/wp-json\/wp\/v2\/pages\/39\/revisions"}],"predecessor-version":[{"id":3577,"href":"https:\/\/www.roentgen-boehnke.de\/responsive\/wordpress\/wp-json\/wp\/v2\/pages\/39\/revisions\/3577"}],"wp:attachment":[{"href":"https:\/\/www.roentgen-boehnke.de\/responsive\/wordpress\/wp-json\/wp\/v2\/media?parent=39"}],"curies":[{"name":"wp","href":"https:\/\/api.w.org\/{rel}","templated":true}]}}