{"id":71,"date":"2017-01-15T20:53:39","date_gmt":"2017-01-15T18:53:39","guid":{"rendered":"http:\/\/www.roentgen-boehnke.de\/responsive\/wordpress\/?page_id=71"},"modified":"2020-03-24T22:35:38","modified_gmt":"2020-03-24T20:35:38","slug":"informationen-2","status":"publish","type":"page","link":"https:\/\/www.roentgen-boehnke.de\/responsive\/wordpress\/informationen-2\/","title":{"rendered":"Informationen"},"content":{"rendered":"<p>Auf diesen Seiten stellen wir Ihnen Informationen rund ums R\u00f6ntgen und \u00fcber die Arbeit mit Ihren R\u00f6ntgenger\u00e4ten zur Verf\u00fcgung.<\/p>\n<p>Haben Sie Interesse an unseren Anlagen? Brauchen Sie Hilfe bei Reparatur oder technischen Problemen? Oder haben Sie sonstige Fragen? Kein Problem! Wir helfen Ihnen gerne weiter. Dazu k\u00f6nnen Sie uns nat\u00fcrlich anrufen, oder Sie nutzen das Kontaktformular, welches wir Ihnen hier zur Verf\u00fcgung stellen und senden uns dieses per Mail oder Fax zu.<\/p>\n<p>Wir freuen uns auf Sie!<\/p>\n<p>\u00dcbersicht \u00fcber die Leitlinien der Bundes\u00e4rztekammer zur Qualit\u00e4tssicherung in der R\u00f6ntgendiagnostik gem\u00e4\u00df Beschlu\u00df vom 23.11.07:<\/p>\n<ul>\n<li><a href=\"http:\/\/www.bundesaerztekammer.de\/downloads\/LeitRoentgen2008Korr2.pdf\" target=\"_blank\" rel=\"noopener\">Ausformulierte Leitlinien<\/a><\/li>\n<li><a href=\"http:\/\/www.tuev-sued.de\/uploads\/images\/1223376372137158630856\/Leitlinien%20BAK%202007-rev-4-05%2008%202008.pdf\" target=\"_blank\" rel=\"noopener\">Tabellarische \u00dcbersicht: R\u00f6ntgendiagnostik und Computertomographie<\/a><\/li>\n<li>T\u00dcV: \u00dcbersicht zu <a href=\"http:\/\/www.tuev-sued.de\/uploads\/images\/1269011200489962640764\/Anforderungen_Paediatrie_w-bm_rev_02-170310-w3.pdf\" target=\"_blank\" rel=\"noopener\">allgemeinen Anforderungen in der P\u00e4diatrie<\/a><\/li>\n<li><a href=\"http:\/\/www.roentgen-boehnke.de\/Richtlinie_fur_Sachverstandigenprufungen_Aug2011.pdf\" target=\"_blank\" rel=\"noopener\">Richtlinie f\u00fcr die technische Pr\u00fcfung von R\u00f6ntgeneinrichtungen und genehmigungsbed\u00fcrftgen St\u00f6rstrahlern &#8211; Richtlinie f\u00fcr Sachverst\u00e4ndigenpr\u00fcfungen (aktualisiert am 01. Aug. 2011)<\/a><\/li>\n<li><a href=\"http:\/\/www.roentgen-boehnke.de\/Strahlenschutzrechtliche_Verordnung_Okt2011.pdf\" target=\"_blank\" rel=\"noopener\">Strahlenschutzrechtliche Verordnung<\/a> (aktualisiert am 04. Okt. 2011)<\/li>\n<li><a href=\"http:\/\/www.roentgen-boehnke.de\/Informationen\/DiagRefWerte22062016.pdf\" target=\"_blank\" rel=\"noopener\">Tabellen \u00fcber diagnostische Referenzwerte f\u00fcr R\u00f6ntgenaufnahmen<\/a><\/li>\n<li>Einstufung einer <a href=\"http:\/\/www.roentgen-boehnke.de\/Einstufung_Qualitatskontrolle.pdf\" target=\"_blank\" rel=\"noopener\">Qualit\u00e4tskontrolle<\/a> durch die \u00e4rztliche Stelle Hessen<\/li>\n<li>Strahlenschutzgesetz:<a href=\"http:\/\/www.gesetze-im-internet.de\/strlschg\/index.html\" target=\"_blank\" rel=\"noopener\">StrlSchG <\/a>\u00a0(aktualisiert am 27. Jun 2017)<\/li>\n<li>Strahlenschutzverordnung <a href=\"http:\/\/www.gesetze-im-internet.de\/strlschv_2018\/index.html\">StrlSchV<\/a> (aktualisiert am 29. Nov 2018)<\/li>\n<\/ul>\n\n\n<p><\/p>\n","protected":false},"excerpt":{"rendered":"<p>Auf diesen Seiten stellen wir Ihnen Informationen rund ums R\u00f6ntgen und \u00fcber die Arbeit mit Ihren R\u00f6ntgenger\u00e4ten zur Verf\u00fcgung. Haben Sie Interesse an unseren Anlagen? Brauchen Sie Hilfe bei Reparatur oder technischen Problemen? Oder haben Sie sonstige Fragen? Kein Problem! &hellip; <a href=\"https:\/\/www.roentgen-boehnke.de\/responsive\/wordpress\/informationen-2\/\">Weiterlesen <span class=\"meta-nav\">&rarr;<\/span><\/a><\/p>\n","protected":false},"author":1,"featured_media":0,"parent":0,"menu_order":0,"comment_status":"closed","ping_status":"closed","template":"","meta":[],"yoast_head":"<!-- This site is optimized with the Yoast SEO plugin v20.2.1 - https:\/\/yoast.com\/wordpress\/plugins\/seo\/ -->\n<title>Informationen - Ingenieurb\u00fcro B\u00f6hnke GmbH R\u00f6ntgen-Service und bildgebende Systeme<\/title>\n<meta name=\"robots\" content=\"index, follow, max-snippet:-1, max-image-preview:large, max-video-preview:-1\" \/>\n<link rel=\"canonical\" href=\"https:\/\/www.roentgen-boehnke.de\/responsive\/wordpress\/informationen-2\/\" \/>\n<meta property=\"og:locale\" content=\"de_DE\" \/>\n<meta property=\"og:type\" content=\"article\" \/>\n<meta property=\"og:title\" content=\"Informationen - Ingenieurb\u00fcro B\u00f6hnke GmbH R\u00f6ntgen-Service und bildgebende Systeme\" \/>\n<meta property=\"og:description\" content=\"Auf diesen Seiten stellen wir Ihnen Informationen rund ums R\u00f6ntgen und \u00fcber die Arbeit mit Ihren R\u00f6ntgenger\u00e4ten zur Verf\u00fcgung. Haben Sie Interesse an unseren Anlagen? Brauchen Sie Hilfe bei Reparatur oder technischen Problemen? Oder haben Sie sonstige Fragen? Kein Problem! &hellip; Weiterlesen &rarr;\" \/>\n<meta property=\"og:url\" content=\"https:\/\/www.roentgen-boehnke.de\/responsive\/wordpress\/informationen-2\/\" \/>\n<meta property=\"og:site_name\" content=\"Ingenieurb\u00fcro B\u00f6hnke GmbH R\u00f6ntgen-Service und bildgebende Systeme\" \/>\n<meta property=\"article:modified_time\" content=\"2020-03-24T20:35:38+00:00\" \/>\n<meta name=\"twitter:card\" content=\"summary_large_image\" \/>\n<meta name=\"twitter:label1\" content=\"Gesch\u00e4tzte Lesezeit\" \/>\n\t<meta name=\"twitter:data1\" content=\"1\u00a0Minute\" \/>\n<script type=\"application\/ld+json\" class=\"yoast-schema-graph\">{\"@context\":\"https:\/\/schema.org\",\"@graph\":[{\"@type\":\"WebPage\",\"@id\":\"https:\/\/www.roentgen-boehnke.de\/responsive\/wordpress\/informationen-2\/\",\"url\":\"https:\/\/www.roentgen-boehnke.de\/responsive\/wordpress\/informationen-2\/\",\"name\":\"Informationen - Ingenieurb\u00fcro B\u00f6hnke GmbH R\u00f6ntgen-Service und bildgebende Systeme\",\"isPartOf\":{\"@id\":\"https:\/\/www.roentgen-boehnke.de\/responsive\/wordpress\/#website\"},\"datePublished\":\"2017-01-15T18:53:39+00:00\",\"dateModified\":\"2020-03-24T20:35:38+00:00\",\"breadcrumb\":{\"@id\":\"https:\/\/www.roentgen-boehnke.de\/responsive\/wordpress\/informationen-2\/#breadcrumb\"},\"inLanguage\":\"de\",\"potentialAction\":[{\"@type\":\"ReadAction\",\"target\":[\"https:\/\/www.roentgen-boehnke.de\/responsive\/wordpress\/informationen-2\/\"]}]},{\"@type\":\"BreadcrumbList\",\"@id\":\"https:\/\/www.roentgen-boehnke.de\/responsive\/wordpress\/informationen-2\/#breadcrumb\",\"itemListElement\":[{\"@type\":\"ListItem\",\"position\":1,\"name\":\"Startseite\",\"item\":\"https:\/\/www.roentgen-boehnke.de\/responsive\/wordpress\/\"},{\"@type\":\"ListItem\",\"position\":2,\"name\":\"Informationen\"}]},{\"@type\":\"WebSite\",\"@id\":\"https:\/\/www.roentgen-boehnke.de\/responsive\/wordpress\/#website\",\"url\":\"https:\/\/www.roentgen-boehnke.de\/responsive\/wordpress\/\",\"name\":\"Ingenieurb\u00fcro B\u00f6hnke GmbH R\u00f6ntgen-Service und bildgebende Systeme\",\"description\":\"55120 Mainz - Hauptstra\u00dfe 17-19 - Tel: 06131-9459550 - Fax: 06131-9459551\",\"potentialAction\":[{\"@type\":\"SearchAction\",\"target\":{\"@type\":\"EntryPoint\",\"urlTemplate\":\"https:\/\/www.roentgen-boehnke.de\/responsive\/wordpress\/?s={search_term_string}\"},\"query-input\":\"required name=search_term_string\"}],\"inLanguage\":\"de\"}]}<\/script>\n<!-- \/ Yoast SEO plugin. -->","yoast_head_json":{"title":"Informationen - Ingenieurb\u00fcro B\u00f6hnke GmbH R\u00f6ntgen-Service und bildgebende Systeme","robots":{"index":"index","follow":"follow","max-snippet":"max-snippet:-1","max-image-preview":"max-image-preview:large","max-video-preview":"max-video-preview:-1"},"canonical":"https:\/\/www.roentgen-boehnke.de\/responsive\/wordpress\/informationen-2\/","og_locale":"de_DE","og_type":"article","og_title":"Informationen - Ingenieurb\u00fcro B\u00f6hnke GmbH R\u00f6ntgen-Service und bildgebende Systeme","og_description":"Auf diesen Seiten stellen wir Ihnen Informationen rund ums R\u00f6ntgen und \u00fcber die Arbeit mit Ihren R\u00f6ntgenger\u00e4ten zur Verf\u00fcgung. Haben Sie Interesse an unseren Anlagen? Brauchen Sie Hilfe bei Reparatur oder technischen Problemen? Oder haben Sie sonstige Fragen? Kein Problem! &hellip; Weiterlesen &rarr;","og_url":"https:\/\/www.roentgen-boehnke.de\/responsive\/wordpress\/informationen-2\/","og_site_name":"Ingenieurb\u00fcro B\u00f6hnke GmbH R\u00f6ntgen-Service und bildgebende Systeme","article_modified_time":"2020-03-24T20:35:38+00:00","twitter_card":"summary_large_image","twitter_misc":{"Gesch\u00e4tzte Lesezeit":"1\u00a0Minute"},"schema":{"@context":"https:\/\/schema.org","@graph":[{"@type":"WebPage","@id":"https:\/\/www.roentgen-boehnke.de\/responsive\/wordpress\/informationen-2\/","url":"https:\/\/www.roentgen-boehnke.de\/responsive\/wordpress\/informationen-2\/","name":"Informationen - Ingenieurb\u00fcro B\u00f6hnke GmbH R\u00f6ntgen-Service und bildgebende Systeme","isPartOf":{"@id":"https:\/\/www.roentgen-boehnke.de\/responsive\/wordpress\/#website"},"datePublished":"2017-01-15T18:53:39+00:00","dateModified":"2020-03-24T20:35:38+00:00","breadcrumb":{"@id":"https:\/\/www.roentgen-boehnke.de\/responsive\/wordpress\/informationen-2\/#breadcrumb"},"inLanguage":"de","potentialAction":[{"@type":"ReadAction","target":["https:\/\/www.roentgen-boehnke.de\/responsive\/wordpress\/informationen-2\/"]}]},{"@type":"BreadcrumbList","@id":"https:\/\/www.roentgen-boehnke.de\/responsive\/wordpress\/informationen-2\/#breadcrumb","itemListElement":[{"@type":"ListItem","position":1,"name":"Startseite","item":"https:\/\/www.roentgen-boehnke.de\/responsive\/wordpress\/"},{"@type":"ListItem","position":2,"name":"Informationen"}]},{"@type":"WebSite","@id":"https:\/\/www.roentgen-boehnke.de\/responsive\/wordpress\/#website","url":"https:\/\/www.roentgen-boehnke.de\/responsive\/wordpress\/","name":"Ingenieurb\u00fcro B\u00f6hnke GmbH R\u00f6ntgen-Service und bildgebende Systeme","description":"55120 Mainz - Hauptstra\u00dfe 17-19 - Tel: 06131-9459550 - Fax: 06131-9459551","potentialAction":[{"@type":"SearchAction","target":{"@type":"EntryPoint","urlTemplate":"https:\/\/www.roentgen-boehnke.de\/responsive\/wordpress\/?s={search_term_string}"},"query-input":"required name=search_term_string"}],"inLanguage":"de"}]}},"_links":{"self":[{"href":"https:\/\/www.roentgen-boehnke.de\/responsive\/wordpress\/wp-json\/wp\/v2\/pages\/71"}],"collection":[{"href":"https:\/\/www.roentgen-boehnke.de\/responsive\/wordpress\/wp-json\/wp\/v2\/pages"}],"about":[{"href":"https:\/\/www.roentgen-boehnke.de\/responsive\/wordpress\/wp-json\/wp\/v2\/types\/page"}],"author":[{"embeddable":true,"href":"https:\/\/www.roentgen-boehnke.de\/responsive\/wordpress\/wp-json\/wp\/v2\/users\/1"}],"replies":[{"embeddable":true,"href":"https:\/\/www.roentgen-boehnke.de\/responsive\/wordpress\/wp-json\/wp\/v2\/comments?post=71"}],"version-history":[{"count":16,"href":"https:\/\/www.roentgen-boehnke.de\/responsive\/wordpress\/wp-json\/wp\/v2\/pages\/71\/revisions"}],"predecessor-version":[{"id":3525,"href":"https:\/\/www.roentgen-boehnke.de\/responsive\/wordpress\/wp-json\/wp\/v2\/pages\/71\/revisions\/3525"}],"wp:attachment":[{"href":"https:\/\/www.roentgen-boehnke.de\/responsive\/wordpress\/wp-json\/wp\/v2\/media?parent=71"}],"curies":[{"name":"wp","href":"https:\/\/api.w.org\/{rel}","templated":true}]}}