{"id":75,"date":"2017-01-15T20:57:05","date_gmt":"2017-01-15T18:57:05","guid":{"rendered":"http:\/\/www.roentgen-boehnke.de\/responsive\/wordpress\/?page_id=75"},"modified":"2018-01-03T16:07:47","modified_gmt":"2018-01-03T14:07:47","slug":"kontaktformular","status":"publish","type":"page","link":"https:\/\/www.roentgen-boehnke.de\/responsive\/wordpress\/kontaktformular\/","title":{"rendered":"Kontakt"},"content":{"rendered":"<p>Schicken Sie uns eine Nachricht per Mail oder rufen uns gleich an.<\/p>\n<p>Wir verwenden Ihre Daten nur f\u00fcr die Kontaktaufnahme. Wir geben Ihre Daten nicht an andere weiter.<br \/>\n&nbsp;<\/p>\n\n<div class=\"wpcf7 no-js\" id=\"wpcf7-f276-o1\" lang=\"de-DE\" dir=\"ltr\">\n<div class=\"screen-reader-response\"><p role=\"status\" aria-live=\"polite\" aria-atomic=\"true\"><\/p> <ul><\/ul><\/div>\n<form action=\"\/responsive\/wordpress\/wp-json\/wp\/v2\/pages\/75#wpcf7-f276-o1\" method=\"post\" class=\"wpcf7-form init\" aria-label=\"Kontaktformular\" novalidate=\"novalidate\" data-status=\"init\">\n<div style=\"display: none;\">\n<input type=\"hidden\" name=\"_wpcf7\" value=\"276\" \/>\n<input type=\"hidden\" name=\"_wpcf7_version\" value=\"5.7.4\" \/>\n<input type=\"hidden\" name=\"_wpcf7_locale\" value=\"de_DE\" \/>\n<input type=\"hidden\" name=\"_wpcf7_unit_tag\" value=\"wpcf7-f276-o1\" \/>\n<input type=\"hidden\" name=\"_wpcf7_container_post\" value=\"0\" \/>\n<input type=\"hidden\" name=\"_wpcf7_posted_data_hash\" value=\"\" \/>\n<\/div>\n<p><label> Ihr Name:<br \/>\n<span class=\"wpcf7-form-control-wrap\" data-name=\"your-name\"><input size=\"40\" class=\"wpcf7-form-control wpcf7-text wpcf7-validates-as-required\" aria-required=\"true\" aria-invalid=\"false\" value=\"\" type=\"text\" name=\"your-name\" \/><\/span> <\/label>\n<\/p>\n<p><label> Telefon:<br \/>\n<span class=\"wpcf7-form-control-wrap\" data-name=\"Telefon\"><input size=\"40\" class=\"wpcf7-form-control wpcf7-text wpcf7-validates-as-required\" aria-required=\"true\" aria-invalid=\"false\" value=\"\" type=\"text\" name=\"Telefon\" \/><\/span> <\/label>\n<\/p>\n<p><label> Ihre E-Mail-Adresse:<br \/>\n<span class=\"wpcf7-form-control-wrap\" data-name=\"your-email\"><input size=\"40\" class=\"wpcf7-form-control wpcf7-text wpcf7-email wpcf7-validates-as-required wpcf7-validates-as-email\" aria-required=\"true\" aria-invalid=\"false\" value=\"\" type=\"email\" name=\"your-email\" \/><\/span> <\/label>\n<\/p>\n<p><label> Ihre Nachricht:<br \/>\n<span class=\"wpcf7-form-control-wrap\" data-name=\"your-message\"><textarea cols=\"40\" rows=\"10\" class=\"wpcf7-form-control wpcf7-textarea\" aria-invalid=\"false\" name=\"your-message\"><\/textarea><\/span> <\/label>\n<\/p>\n<p><span class=\"wpcf7-form-control-wrap\" data-name=\"your-consent\"><span class=\"wpcf7-form-control wpcf7-acceptance\"><span class=\"wpcf7-list-item\"><label><input type=\"checkbox\" name=\"your-consent\" value=\"1\" aria-invalid=\"false\" \/><span class=\"wpcf7-list-item-label\">Ich habe die <a href=\"https:\/\/www.roentgen-boehnke.de\/responsive\/wordpress\/impressum-datenschutz\/\" target=\"blank\">Datenschutzerkl\u00e4rung<\/a> zur Kenntnis genommen. Ich stimme zu, dass meine Angaben zur Kontaktaufnahme und f\u00fcr R\u00fcckfragen dauerhaft gespeichert werden.<\/span><\/label><\/span><\/span><\/span>\n<\/p>\n<p><span class=\"wpcf7-form-control-wrap wpgdprc\"><span class=\"wpcf7-form-control wpcf7-validates-as-required wpcf7-wpgdprc\"><span class=\"wpcf7-list-item\"><input type=\"checkbox\" name=\"wpgdprc\" value=\"1\" aria-required=\"true\" aria-invalid=\"false\" \/><span class=\"wpcf7-list-item-label\">Mit der Nutzung dieses Formulars erkl\u00e4ren Sie sich mit der Speicherung und Verarbeitung ihrer Daten durch diese Website einverstanden.<\/span><\/span><\/span>    <\/span>\n<\/p>\n<p><input class=\"wpcf7-form-control has-spinner wpcf7-submit\" type=\"submit\" value=\"Senden\" \/>\n<\/p><div class=\"wpcf7-response-output\" aria-hidden=\"true\"><\/div>\n<\/form>\n<\/div>\n\n","protected":false},"excerpt":{"rendered":"<p>Schicken Sie uns eine Nachricht per Mail oder rufen uns gleich an. Wir verwenden Ihre Daten nur f\u00fcr die Kontaktaufnahme. Wir geben Ihre Daten nicht an andere weiter. &nbsp;<\/p>\n","protected":false},"author":1,"featured_media":0,"parent":0,"menu_order":0,"comment_status":"closed","ping_status":"closed","template":"","meta":[],"yoast_head":"<!-- This site is optimized with the Yoast SEO plugin v20.2.1 - https:\/\/yoast.com\/wordpress\/plugins\/seo\/ -->\n<title>Kontakt - Ingenieurb\u00fcro B\u00f6hnke GmbH R\u00f6ntgen-Service und bildgebende Systeme<\/title>\n<meta name=\"robots\" content=\"index, follow, max-snippet:-1, max-image-preview:large, max-video-preview:-1\" \/>\n<link rel=\"canonical\" href=\"https:\/\/www.roentgen-boehnke.de\/responsive\/wordpress\/kontaktformular\/\" \/>\n<meta property=\"og:locale\" content=\"de_DE\" \/>\n<meta property=\"og:type\" content=\"article\" \/>\n<meta property=\"og:title\" content=\"Kontakt - Ingenieurb\u00fcro B\u00f6hnke GmbH R\u00f6ntgen-Service und bildgebende Systeme\" \/>\n<meta property=\"og:description\" content=\"Schicken Sie uns eine Nachricht per Mail oder rufen uns gleich an. Wir verwenden Ihre Daten nur f\u00fcr die Kontaktaufnahme. Wir geben Ihre Daten nicht an andere weiter. &nbsp;\" \/>\n<meta property=\"og:url\" content=\"https:\/\/www.roentgen-boehnke.de\/responsive\/wordpress\/kontaktformular\/\" \/>\n<meta property=\"og:site_name\" content=\"Ingenieurb\u00fcro B\u00f6hnke GmbH R\u00f6ntgen-Service und bildgebende Systeme\" \/>\n<meta property=\"article:modified_time\" content=\"2018-01-03T14:07:47+00:00\" \/>\n<meta name=\"twitter:card\" content=\"summary_large_image\" \/>\n<script type=\"application\/ld+json\" class=\"yoast-schema-graph\">{\"@context\":\"https:\/\/schema.org\",\"@graph\":[{\"@type\":\"WebPage\",\"@id\":\"https:\/\/www.roentgen-boehnke.de\/responsive\/wordpress\/kontaktformular\/\",\"url\":\"https:\/\/www.roentgen-boehnke.de\/responsive\/wordpress\/kontaktformular\/\",\"name\":\"Kontakt - Ingenieurb\u00fcro B\u00f6hnke GmbH R\u00f6ntgen-Service und bildgebende Systeme\",\"isPartOf\":{\"@id\":\"https:\/\/www.roentgen-boehnke.de\/responsive\/wordpress\/#website\"},\"datePublished\":\"2017-01-15T18:57:05+00:00\",\"dateModified\":\"2018-01-03T14:07:47+00:00\",\"breadcrumb\":{\"@id\":\"https:\/\/www.roentgen-boehnke.de\/responsive\/wordpress\/kontaktformular\/#breadcrumb\"},\"inLanguage\":\"de\",\"potentialAction\":[{\"@type\":\"ReadAction\",\"target\":[\"https:\/\/www.roentgen-boehnke.de\/responsive\/wordpress\/kontaktformular\/\"]}]},{\"@type\":\"BreadcrumbList\",\"@id\":\"https:\/\/www.roentgen-boehnke.de\/responsive\/wordpress\/kontaktformular\/#breadcrumb\",\"itemListElement\":[{\"@type\":\"ListItem\",\"position\":1,\"name\":\"Startseite\",\"item\":\"https:\/\/www.roentgen-boehnke.de\/responsive\/wordpress\/\"},{\"@type\":\"ListItem\",\"position\":2,\"name\":\"Kontakt\"}]},{\"@type\":\"WebSite\",\"@id\":\"https:\/\/www.roentgen-boehnke.de\/responsive\/wordpress\/#website\",\"url\":\"https:\/\/www.roentgen-boehnke.de\/responsive\/wordpress\/\",\"name\":\"Ingenieurb\u00fcro B\u00f6hnke GmbH R\u00f6ntgen-Service und bildgebende Systeme\",\"description\":\"55120 Mainz - Hauptstra\u00dfe 17-19 - Tel: 06131-9459550 - Fax: 06131-9459551\",\"potentialAction\":[{\"@type\":\"SearchAction\",\"target\":{\"@type\":\"EntryPoint\",\"urlTemplate\":\"https:\/\/www.roentgen-boehnke.de\/responsive\/wordpress\/?s={search_term_string}\"},\"query-input\":\"required name=search_term_string\"}],\"inLanguage\":\"de\"}]}<\/script>\n<!-- \/ Yoast SEO plugin. -->","yoast_head_json":{"title":"Kontakt - Ingenieurb\u00fcro B\u00f6hnke GmbH R\u00f6ntgen-Service und bildgebende Systeme","robots":{"index":"index","follow":"follow","max-snippet":"max-snippet:-1","max-image-preview":"max-image-preview:large","max-video-preview":"max-video-preview:-1"},"canonical":"https:\/\/www.roentgen-boehnke.de\/responsive\/wordpress\/kontaktformular\/","og_locale":"de_DE","og_type":"article","og_title":"Kontakt - Ingenieurb\u00fcro B\u00f6hnke GmbH R\u00f6ntgen-Service und bildgebende Systeme","og_description":"Schicken Sie uns eine Nachricht per Mail oder rufen uns gleich an. Wir verwenden Ihre Daten nur f\u00fcr die Kontaktaufnahme. Wir geben Ihre Daten nicht an andere weiter. &nbsp;","og_url":"https:\/\/www.roentgen-boehnke.de\/responsive\/wordpress\/kontaktformular\/","og_site_name":"Ingenieurb\u00fcro B\u00f6hnke GmbH R\u00f6ntgen-Service und bildgebende Systeme","article_modified_time":"2018-01-03T14:07:47+00:00","twitter_card":"summary_large_image","schema":{"@context":"https:\/\/schema.org","@graph":[{"@type":"WebPage","@id":"https:\/\/www.roentgen-boehnke.de\/responsive\/wordpress\/kontaktformular\/","url":"https:\/\/www.roentgen-boehnke.de\/responsive\/wordpress\/kontaktformular\/","name":"Kontakt - Ingenieurb\u00fcro B\u00f6hnke GmbH R\u00f6ntgen-Service und bildgebende Systeme","isPartOf":{"@id":"https:\/\/www.roentgen-boehnke.de\/responsive\/wordpress\/#website"},"datePublished":"2017-01-15T18:57:05+00:00","dateModified":"2018-01-03T14:07:47+00:00","breadcrumb":{"@id":"https:\/\/www.roentgen-boehnke.de\/responsive\/wordpress\/kontaktformular\/#breadcrumb"},"inLanguage":"de","potentialAction":[{"@type":"ReadAction","target":["https:\/\/www.roentgen-boehnke.de\/responsive\/wordpress\/kontaktformular\/"]}]},{"@type":"BreadcrumbList","@id":"https:\/\/www.roentgen-boehnke.de\/responsive\/wordpress\/kontaktformular\/#breadcrumb","itemListElement":[{"@type":"ListItem","position":1,"name":"Startseite","item":"https:\/\/www.roentgen-boehnke.de\/responsive\/wordpress\/"},{"@type":"ListItem","position":2,"name":"Kontakt"}]},{"@type":"WebSite","@id":"https:\/\/www.roentgen-boehnke.de\/responsive\/wordpress\/#website","url":"https:\/\/www.roentgen-boehnke.de\/responsive\/wordpress\/","name":"Ingenieurb\u00fcro B\u00f6hnke GmbH R\u00f6ntgen-Service und bildgebende Systeme","description":"55120 Mainz - Hauptstra\u00dfe 17-19 - Tel: 06131-9459550 - Fax: 06131-9459551","potentialAction":[{"@type":"SearchAction","target":{"@type":"EntryPoint","urlTemplate":"https:\/\/www.roentgen-boehnke.de\/responsive\/wordpress\/?s={search_term_string}"},"query-input":"required name=search_term_string"}],"inLanguage":"de"}]}},"_links":{"self":[{"href":"https:\/\/www.roentgen-boehnke.de\/responsive\/wordpress\/wp-json\/wp\/v2\/pages\/75"}],"collection":[{"href":"https:\/\/www.roentgen-boehnke.de\/responsive\/wordpress\/wp-json\/wp\/v2\/pages"}],"about":[{"href":"https:\/\/www.roentgen-boehnke.de\/responsive\/wordpress\/wp-json\/wp\/v2\/types\/page"}],"author":[{"embeddable":true,"href":"https:\/\/www.roentgen-boehnke.de\/responsive\/wordpress\/wp-json\/wp\/v2\/users\/1"}],"replies":[{"embeddable":true,"href":"https:\/\/www.roentgen-boehnke.de\/responsive\/wordpress\/wp-json\/wp\/v2\/comments?post=75"}],"version-history":[{"count":25,"href":"https:\/\/www.roentgen-boehnke.de\/responsive\/wordpress\/wp-json\/wp\/v2\/pages\/75\/revisions"}],"predecessor-version":[{"id":2100,"href":"https:\/\/www.roentgen-boehnke.de\/responsive\/wordpress\/wp-json\/wp\/v2\/pages\/75\/revisions\/2100"}],"wp:attachment":[{"href":"https:\/\/www.roentgen-boehnke.de\/responsive\/wordpress\/wp-json\/wp\/v2\/media?parent=75"}],"curies":[{"name":"wp","href":"https:\/\/api.w.org\/{rel}","templated":true}]}}